{"id":5,"date":"2023-09-17T18:31:54","date_gmt":"2023-09-17T18:31:54","guid":{"rendered":"https:\/\/wordpress.invajo.com\/crashcourse2023\/?page_id=5"},"modified":"2023-12-29T16:06:29","modified_gmt":"2023-12-29T16:06:29","slug":"home","status":"publish","type":"page","link":"https:\/\/wordpress.invajo.com\/crashcourse2023\/","title":{"rendered":"Home"},"content":{"rendered":"<p>[et_pb_section fb_built=&#8221;1&#8243; disabled_on=&#8221;on|on|off&#8221; admin_label=&#8221;Banner&#8221; _builder_version=&#8221;4.19.4&#8243; _module_preset=&#8221;default&#8221; background_image=&#8221;http:\/\/wordpress.invajo.com\/crashcourse2023\/wp-content\/uploads\/sites\/46\/2023\/09\/Banner-scaled-1.jpg&#8221; custom_margin=&#8221;-50px||||false|false&#8221; custom_css_main_element=&#8221;min-height: 550px;&#8221; global_module=&#8221;53&#8243; saved_tabs=&#8221;all&#8221; global_colors_info=&#8221;{}&#8221; collapsed=&#8221;off&#8221;][et_pb_row column_structure=&#8221;3_4,1_4&#8243; admin_label=&#8221;Rad f\u00f6r logo&#8221; _builder_version=&#8221;4.19.4&#8243; _module_preset=&#8221;default&#8221; global_colors_info=&#8221;{}&#8221;][et_pb_column type=&#8221;3_4&#8243; _builder_version=&#8221;4.19.4&#8243; _module_preset=&#8221;default&#8221; global_colors_info=&#8221;{}&#8221;][\/et_pb_column][et_pb_column type=&#8221;1_4&#8243; _builder_version=&#8221;4.19.4&#8243; _module_preset=&#8221;default&#8221; global_colors_info=&#8221;{}&#8221;][et_pb_image src=&#8221;http:\/\/wordpress.invajo.com\/crashcourse2023\/wp-content\/uploads\/sites\/46\/2023\/09\/invajo_logo-dark_500x200.png&#8221; alt=&#8221;Invajo&#8221; title_text=&#8221;Invajo&#8221; admin_label=&#8221;Logo&#8221; _builder_version=&#8221;4.21.0&#8243; _module_preset=&#8221;default&#8221; animation_style=&#8221;zoom&#8221; global_colors_info=&#8221;{}&#8221;][\/et_pb_image][\/et_pb_column][\/et_pb_row][et_pb_row column_structure=&#8221;1_4,3_4&#8243; admin_label=&#8221;Rad f\u00f6r rubrik etc&#8221; _builder_version=&#8221;4.23.2&#8243; _module_preset=&#8221;default&#8221; width=&#8221;80%&#8221; custom_padding=&#8221;||32px|||&#8221; global_colors_info=&#8221;{}&#8221;][et_pb_column type=&#8221;1_4&#8243; _builder_version=&#8221;4.19.4&#8243; _module_preset=&#8221;default&#8221; global_colors_info=&#8221;{}&#8221;][\/et_pb_column][et_pb_column type=&#8221;3_4&#8243; _builder_version=&#8221;4.19.4&#8243; _module_preset=&#8221;default&#8221; global_colors_info=&#8221;{}&#8221;][et_pb_text admin_label=&#8221;Rubrik, datum o tema&#8221; _builder_version=&#8221;4.23.2&#8243; _module_preset=&#8221;default&#8221; text_font_size=&#8221;20px&#8221; background_color=&#8221;rgba(0,0,0,0.45)&#8221; width=&#8221;100%&#8221; custom_padding=&#8221;30px|0px|30px||false|false&#8221; animation_style=&#8221;fade&#8221; animation_duration=&#8221;2000ms&#8221; animation_delay=&#8221;1000ms&#8221; border_radii=&#8221;on|5px|5px|5px|5px&#8221; global_colors_info=&#8221;{}&#8221;]<\/p>\n<h1 style=\"text-align: center;\"><strong><span style=\"color: #ffffff;\">stockholmsm\u00e4ssan 2024<\/span><\/strong><\/h1>\n<p>[\/et_pb_text][\/et_pb_column][\/et_pb_row][\/et_pb_section][et_pb_section fb_built=&#8221;1&#8243; admin_label=&#8221;Br\u00f6dtext&#8221; _builder_version=&#8221;4.19.4&#8243; _module_preset=&#8221;default&#8221; global_colors_info=&#8221;{}&#8221;][et_pb_row admin_label=&#8221;Row&#8221; _builder_version=&#8221;4.23.2&#8243; _module_preset=&#8221;default&#8221; global_colors_info=&#8221;{}&#8221;][et_pb_column type=&#8221;4_4&#8243; _builder_version=&#8221;4.16&#8243; _module_preset=&#8221;default&#8221; custom_padding=&#8221;|||&#8221; global_colors_info=&#8221;{}&#8221; custom_padding__hover=&#8221;|||&#8221;][et_pb_text admin_label=&#8221;Header&#8221; _builder_version=&#8221;4.23.2&#8243; _module_preset=&#8221;default&#8221; background_color=&#8221;#FFFFFF&#8221; global_colors_info=&#8221;{}&#8221;]<\/p>\n<h1><strong>V\u00e4lkomna till Stockholmsm\u00e4ssan!<\/strong><\/h1>\n<p>[\/et_pb_text][et_pb_text admin_label=&#8221;Proud to present&#8221; _builder_version=&#8221;4.23.2&#8243; _module_preset=&#8221;default&#8221; inline_fonts=&#8221;Adamina&#8221; global_colors_info=&#8221;{}&#8221;]<\/p>\n<p><span style=\"font-family: Adamina; font-weight: normal; color: #0a0a0a;\"><strong>V\u00e4lkommen till v\u00e5r m\u00e5ngfacetterade v\u00e4rld av m\u00e4ssor och event d\u00e4r passioner och intressen samlas i en enda pulserande atmosf\u00e4r.\u00a0Oavsett om du \u00e4lskar inredning, brinner f\u00f6r tr\u00e4dg\u00e5rd, \u00e4r en sann b\u00e5tlivsentusiast eller en blivande husbyggare, arbetar inom B2C eller B2B eller ska lansera en ny produkt p\u00e5 marknaden har vi n\u00e5got som kommer att f\u00e5nga ditt intresse. Vi har ett event f\u00f6r alla tillf\u00e4llen.\u00a0<\/strong><\/span><\/p>\n<p>[\/et_pb_text][et_pb_text admin_label=&#8221;Silver&#8221; _builder_version=&#8221;4.21.0&#8243; _module_preset=&#8221;default&#8221; global_colors_info=&#8221;{}&#8221;]<\/p>\n<h3 style=\"text-align: center;\">Silver<\/h3>\n<p>[\/et_pb_text][et_pb_text admin_label=&#8221;Logo-modul&#8221; _builder_version=&#8221;4.23.2&#8243; _module_preset=&#8221;default&#8221; global_colors_info=&#8221;{}&#8221;]<\/p>\n<div id=\"logooos_div_shortcode_saved\">\n<div id=\"logooos191\" class=\"logooos_container\" style=\"width: 1080px;\">\n<div class=\"logooos logooos_grid logooos_responsive logooos_withtooltip logooos_no_border logooos_listborder logooos_no_radius effect3 \" data-columnsnum=\"4\" data-marginbetweenitems=\"25px\" data-itemsheightpercentage=\"0.80\" data-hovereffect=\"effect3\" data-hovereffectcolor=\"#DCDCDC\" data-bordercolor=\"transparent\">\n<div class=\"logooos_item\" data-id=\"189\" data-title=\"AppInConf\" style=\"background-color: transparent; border-color: transparent; margin: 12px; width: 246px; height: 197px; display: inline-block;\"><a rel=\"nofollow noopener\" href=\"https:\/\/www.cancerfonden.se\/\" target=\"_blank\"><img decoding=\"async\" src=\"https:\/\/wordpress.invajo.com\/crashcourse2023\/wp-content\/uploads\/sites\/46\/2023\/09\/portratt.png\" title=\"\" style=\"max-width: 70% !important; max-height: 70% !important;\" alt=\"AppInConf\" \/><\/a><\/div>\n<div class=\"logooos_item\" data-id=\"193\" data-title=\"Ny\" style=\"background-color: transparent; border-color: transparent; margin: 12px; width: 246px; height: 197px; display: inline-block;\"><a rel=\"nofollow noopener\" href=\"https:\/\/www.ebbabiotech.com\/\" target=\"_blank\"><img decoding=\"async\" src=\"https:\/\/wordpress.invajo.com\/crashcourse2023\/wp-content\/uploads\/sites\/46\/2023\/09\/Logga-EPEC-2023.jpg\" title=\"\" style=\"max-width: 70% !important; max-height: 70% !important;\" alt=\"Ny\" \/><\/a><\/div>\n<\/div>\n<\/div>\n<\/div>\n<div id=\"logooos_gene_short_preview\">\n<div id=\"\" class=\"logooos_container\">\n<div class=\"logooos logooos_grid logooos_responsive logooos_withtooltip logooos_no_border logooos_listborder logooos_no_radius effect3 \" data-columnsnum=\"4\" data-marginbetweenitems=\"25px\" data-itemsheightpercentage=\"0.80\" data-hovereffect=\"effect3\" data-hovereffectcolor=\"#DCDCDC\" data-bordercolor=\"transparent\">\n<div class=\"logooos_item\" data-id=\"189\" data-title=\"AppInConf\"><\/div>\n<\/div>\n<\/div>\n<\/div>\n<p>[\/et_pb_text][\/et_pb_column][\/et_pb_row][et_pb_row column_structure=&#8221;1_2,1_2&#8243; _builder_version=&#8221;4.19.4&#8243; _module_preset=&#8221;default&#8221; global_colors_info=&#8221;{}&#8221;][et_pb_column type=&#8221;1_2&#8243; _builder_version=&#8221;4.19.4&#8243; _module_preset=&#8221;default&#8221; global_colors_info=&#8221;{}&#8221;][et_pb_text admin_label=&#8221;The conference aims&#8221; _builder_version=&#8221;4.21.0&#8243; _module_preset=&#8221;default&#8221; global_colors_info=&#8221;{}&#8221;]<\/p>\n<p><strong>Here&#8217;s a sneak peek of what we&#8217;ll cover:<\/strong><\/p>\n<ul>\n<li>Login<\/li>\n<li>Layouts<\/li>\n<li>Modules<\/li>\n<li>Menu<\/li>\n<li>SEO<\/li>\n<li>Footer<\/li>\n<li>Misc<\/li>\n<\/ul>\n<p>[\/et_pb_text][\/et_pb_column][et_pb_column type=&#8221;1_2&#8243; _builder_version=&#8221;4.19.4&#8243; _module_preset=&#8221;default&#8221; global_colors_info=&#8221;{}&#8221;][et_pb_image src=&#8221;http:\/\/wordpress.invajo.com\/crashcourse2023\/wp-content\/uploads\/sites\/46\/2023\/09\/wp-login.png&#8221; title_text=&#8221;wp-login&#8221; _builder_version=&#8221;4.21.0&#8243; _module_preset=&#8221;default&#8221; global_colors_info=&#8221;{}&#8221;][\/et_pb_image][\/et_pb_column][\/et_pb_row][et_pb_row column_structure=&#8221;2_3,1_3&#8243; _builder_version=&#8221;4.21.0&#8243; _module_preset=&#8221;default&#8221; global_colors_info=&#8221;{}&#8221;][et_pb_column type=&#8221;2_3&#8243; _builder_version=&#8221;4.21.0&#8243; _module_preset=&#8221;default&#8221; global_colors_info=&#8221;{}&#8221;][et_pb_text _builder_version=&#8221;4.21.0&#8243; _module_preset=&#8221;default&#8221; global_colors_info=&#8221;{}&#8221;]<\/p>\n<h3>Min titel<\/h3>\n<p>Lorem ipsum dolor sit amet, consectetur adipiscing elit, sed do eiusmod tempor incididunt ut labore et dolore magna aliqua. Ut enim ad minim veniam, quis nostrud exercitation ullamco laboris nisi ut aliquip ex ea commodo consequat. Duis aute irure dolor in reprehenderit in voluptate velit esse cillum dolore eu fugiat nulla pariatur. Excepteur sint occaecat cupidatat non proident, sunt in culpa qui officia deserunt mollit anim id est laborum.<\/p>\n<p>[\/et_pb_text][\/et_pb_column][et_pb_column type=&#8221;1_3&#8243; _builder_version=&#8221;4.21.0&#8243; _module_preset=&#8221;default&#8221; global_colors_info=&#8221;{}&#8221;][et_pb_image src=&#8221;http:\/\/wordpress.invajo.com\/crashcourse2023\/wp-content\/uploads\/sites\/46\/2023\/09\/Akademikonferens-Logotyp_200-e1636724763499.png&#8221; alt=&#8221;Akademikonferens logotyp&#8221; title_text=&#8221;Akademikonferens logotyp&#8221; admin_label=&#8221;AK-logo&#8221; _builder_version=&#8221;4.21.0&#8243; _module_preset=&#8221;default&#8221; global_colors_info=&#8221;{}&#8221;][\/et_pb_image][et_pb_text _builder_version=&#8221;4.21.0&#8243; _module_preset=&#8221;default&#8221; global_colors_info=&#8221;{}&#8221;]<\/p>\n<p>Foto: Fredrik<\/p>\n<p>[\/et_pb_text][\/et_pb_column][\/et_pb_row][\/et_pb_section][et_pb_section fb_built=&#8221;1&#8243; prev_background_color=&#8221;#ffffff&#8221; admin_label=&#8221;Br\u00f6dtext&#8221; _builder_version=&#8221;4.23.2&#8243; _module_preset=&#8221;default&#8221; background_color=&#8221;#02ce98&#8243; top_divider_style=&#8221;slant&#8221; top_divider_height=&#8221;368px&#8221; top_divider_repeat=&#8221;1x&#8221; global_colors_info=&#8221;{}&#8221;][et_pb_row admin_label=&#8221;Row&#8221; _builder_version=&#8221;4.16&#8243; _module_preset=&#8221;default&#8221; global_colors_info=&#8221;{}&#8221;][et_pb_column type=&#8221;4_4&#8243; _builder_version=&#8221;4.16&#8243; _module_preset=&#8221;default&#8221; custom_padding=&#8221;|||&#8221; global_colors_info=&#8221;{}&#8221; custom_padding__hover=&#8221;|||&#8221;][et_pb_text admin_label=&#8221;Header&#8221; _builder_version=&#8221;4.21.0&#8243; _module_preset=&#8221;default&#8221; global_colors_info=&#8221;{}&#8221;]<\/p>\n<h1><strong>Invajo Sitebuilder masterclass<\/strong><\/h1>\n<p>[\/et_pb_text][et_pb_text admin_label=&#8221;Proud to present&#8221; _builder_version=&#8221;4.21.0&#8243; _module_preset=&#8221;default&#8221; global_colors_info=&#8221;{}&#8221;]<\/p>\n<h3><span>Are you ready to unlock the full potential of WordPress\/divi and become a proficient website builder? You&#8217;re in the right place! Text text<\/span><\/h3>\n<h2><\/h2>\n<p><span>In this comprehensive training course, we will dive deep into the world of WordPress, the most popular content management system on the planet. Whether you&#8217;re a beginner looking to create your first website or an experienced developer seeking to enhance your skills, this course has something for everyone.<\/span><\/p>\n<p>[\/et_pb_text][et_pb_text admin_label=&#8221;Silver&#8221; _builder_version=&#8221;4.21.0&#8243; _module_preset=&#8221;default&#8221; global_colors_info=&#8221;{}&#8221;]<\/p>\n<h3 style=\"text-align: center;\">Silver<\/h3>\n<p>[\/et_pb_text][\/et_pb_column][\/et_pb_row][\/et_pb_section][et_pb_section fb_built=&#8221;1&#8243; disabled_on=&#8221;on|on|off&#8221; admin_label=&#8221;Sponsor-div&#8221; _builder_version=&#8221;4.21.0&#8243; _module_preset=&#8221;default&#8221; global_colors_info=&#8221;{}&#8221;][et_pb_row admin_label=&#8221;Rad&#8221; _builder_version=&#8221;4.21.0&#8243; _module_preset=&#8221;default&#8221; global_colors_info=&#8221;{}&#8221;][et_pb_column type=&#8221;4_4&#8243; _builder_version=&#8221;4.21.0&#8243; _module_preset=&#8221;default&#8221; global_colors_info=&#8221;{}&#8221;][et_pb_text admin_label=&#8221;Sponsors&#8221; _builder_version=&#8221;4.21.0&#8243; _module_preset=&#8221;default&#8221; global_colors_info=&#8221;{}&#8221;]<\/p>\n<h3 style=\"text-align: center;\">Sponsors<\/h3>\n<p>[\/et_pb_text][et_pb_text admin_label=&#8221;Logo-modul (Short-code)&#8221; _builder_version=&#8221;4.23.2&#8243; _module_preset=&#8221;default&#8221; global_colors_info=&#8221;{}&#8221;]<\/p>\n<p><span><div id=\"logooos38\" class=\"logooos_container logooos_notready\"><div class=\"logooos logooos_grid logooos_responsive logooos_withtooltip logooos_border logooos_listborder logooos_large_radius effect4 \" data-columnsnum=\"4\" data-marginbetweenitems=\"30px\" data-itemsheightpercentage=\"0.80\" data-hovereffect=\"effect4\" data-hovereffectcolor=\"#DCDCDC\" data-bordercolor=\"#DCDCDC\"  ><div class=\"logooos_item\" data-id=\"37\" data-title=\"Akademikonferens\" style=\"background-color:transparent; border-color:#DCDCDC\">\n\t\t\t\t\t\t<a rel=\"nofollow\" href=\"https:\/\/www.akademikonferens.se\/\" target=\"_blank\"><img decoding=\"async\" src=\"https:\/\/wordpress.invajo.com\/crashcourse2023\/wp-content\/uploads\/sites\/46\/2023\/09\/Akademikonferens-Logotyp_200-e1636724763499.png\" title=\"\" style=\"max-width:70% !important; max-height:70% !important;\" alt=\"Akademikonferens\" \/><\/a><\/div><div class=\"logooos_item\" data-id=\"36\" data-title=\"Invajo\" style=\"background-color:transparent; border-color:#DCDCDC\">\n\t\t\t\t\t\t<a rel=\"nofollow\" href=\"https:\/\/home.invajo.com\/\" target=\"_blank\"><img decoding=\"async\" src=\"https:\/\/wordpress.invajo.com\/crashcourse2023\/wp-content\/uploads\/sites\/46\/2023\/09\/invajo-logo-splash-padded.png\" title=\"\" style=\"max-width:70% !important; max-height:70% !important;\" alt=\"Invajo\" \/><\/a><\/div><\/div><\/div><\/span><\/p>\n<p>[\/et_pb_text][\/et_pb_column][\/et_pb_row][\/et_pb_section][et_pb_section fb_built=&#8221;1&#8243; admin_label=&#8221;Footer&#8221; _builder_version=&#8221;4.23.2&#8243; _module_preset=&#8221;default&#8221; background_color=&#8221;#000000&#8243; use_background_color_gradient=&#8221;on&#8221; background_color_gradient_direction=&#8221;130deg&#8221; background_color_gradient_stops=&#8221;#003545 100%|#2d7a86 100%&#8221; background_blend=&#8221;multiply&#8221; background_enable_pattern_style=&#8221;on&#8221; background_pattern_style=&#8221;tufted&#8221; background_pattern_color=&#8221;RGBA(255,255,255,0)&#8221; global_module=&#8221;52&#8243; saved_tabs=&#8221;all&#8221; collapsed=&#8221;off&#8221; global_colors_info=&#8221;{}&#8221;][et_pb_row column_structure=&#8221;1_3,1_3,1_3&#8243; _builder_version=&#8221;4.23.2&#8243; _module_preset=&#8221;default&#8221; background_color=&#8221;rgba(0,0,0,0.11)&#8221; background_size=&#8221;initial&#8221; background_position=&#8221;top_left&#8221; background_repeat=&#8221;repeat&#8221; custom_padding=&#8221;|5px||5px|false|false&#8221; border_radii=&#8221;on|10px|10px|10px|10px&#8221; global_colors_info=&#8221;{}&#8221;][et_pb_column type=&#8221;1_3&#8243; _builder_version=&#8221;4.16&#8243; _module_preset=&#8221;default&#8221; custom_padding=&#8221;|||&#8221; global_colors_info=&#8221;{}&#8221; custom_padding__hover=&#8221;|||&#8221;][et_pb_text admin_label=&#8221;Contact&#8221; _builder_version=&#8221;4.23.2&#8243; _module_preset=&#8221;default&#8221; global_colors_info=&#8221;{}&#8221;]<\/p>\n<h4 style=\"text-align: center;\"><span style=\"font-size: 14pt;\"><strong><span style=\"color: #ffffff;\">Contact<\/span><\/strong><\/span><\/h4>\n<p>[\/et_pb_text][et_pb_text admin_label=&#8221;Contact&#8221; _builder_version=&#8221;4.23.2&#8243; _module_preset=&#8221;default&#8221; inline_fonts=&#8221;Alike,Anek Gujarati,Bree Serif&#8221; global_colors_info=&#8221;{}&#8221;]<\/p>\n<p style=\"text-align: left;\"><span style=\"font-family: inherit; font-weight: normal;\"><b>\u00a0 <span style=\"font-size: small;\"><span style=\"color: #fcfcfc;\">Telefon<\/span><span style=\"color: #ffffff;\">:<\/span><\/span><\/b><span style=\"color: #ffffff; font-size: small;\">\u00a0+46 8 749 41 00<\/span><\/span><\/p>\n<p style=\"text-align: left;\"><span style=\"color: #ffffff; font-family: inherit; font-weight: normal; font-size: small;\"><b>\u00a0 Email:<\/b>\u00a0<a href=\"mailto:info@stockholmsmassan.se\" style=\"color: #ffffff;\">info@stockholmsmassan.se<\/a><\/span><\/p>\n<p style=\"text-align: left;\"><span style=\"color: #ffffff; font-family: inherit; font-weight: normal; font-size: small;\">\u00a0 <strong>Leveransadress<\/strong>: Event, F\u00f6retag, Monternummer, Parkeringsv\u00e4gen 10, 125 30 \u00c4lvsj\u00f6<\/span><\/p>\n<p style=\"text-align: left;\"><span style=\"color: #ffffff; font-family: inherit; font-weight: normal; font-size: small;\">\u00a0 <strong>Bes\u00f6ksadress: <\/strong>M\u00e4ssv\u00e4gen 1, 125 80 Stockholm<\/span><\/p>\n<p style=\"text-align: left;\">[\/et_pb_text][\/et_pb_column][et_pb_column type=&#8221;1_3&#8243; _builder_version=&#8221;4.16&#8243; _module_preset=&#8221;default&#8221; custom_padding=&#8221;|||&#8221; global_colors_info=&#8221;{}&#8221; custom_padding__hover=&#8221;|||&#8221;][et_pb_text admin_label=&#8221;Important dates&#8221; _builder_version=&#8221;4.23.2&#8243; _module_preset=&#8221;default&#8221; text_text_color=&#8221;#000000&#8243; custom_padding=&#8221;5px|||||&#8221; global_colors_info=&#8221;{}&#8221;]<\/p>\n<h4 style=\"text-align: center;\"><span style=\"font-size: 14pt; color: #ffffff;\"><strong>Important dates<\/strong><\/span><\/h4>\n<p>[\/et_pb_text][et_pb_text admin_label=&#8221;Dates&#8221; _builder_version=&#8221;4.23.2&#8243; _module_preset=&#8221;default&#8221; inline_fonts=&#8221;Almarai&#8221; global_colors_info=&#8221;{}&#8221;]<\/p>\n<p style=\"text-align: center;\"><span style=\"color: #ffffff; font-family: Almarai; font-weight: normal; font-size: medium;\">1 februari 2024: Anm\u00e4lan \u00f6ppnar<\/span><br \/><span style=\"color: #ffffff; font-family: Almarai; font-weight: normal; font-size: medium;\">1 april 2024: Anm\u00e4lan st\u00e4nger<\/span><\/p>\n<p>[\/et_pb_text][\/et_pb_column][et_pb_column type=&#8221;1_3&#8243; _builder_version=&#8221;4.16&#8243; _module_preset=&#8221;default&#8221; custom_padding=&#8221;|||&#8221; global_colors_info=&#8221;{}&#8221; custom_padding__hover=&#8221;|||&#8221;][et_pb_text admin_label=&#8221;Organised by&#8221; _builder_version=&#8221;4.23.2&#8243; _module_preset=&#8221;default&#8221; global_colors_info=&#8221;{}&#8221;]<\/p>\n<h4 style=\"text-align: center;\"><strong><span style=\"color: #ffffff;\">Organised by<\/span><\/strong><\/h4>\n<p>[\/et_pb_text][et_pb_image src=&#8221;http:\/\/wordpress.invajo.com\/crashcourse2023\/wp-content\/uploads\/sites\/46\/2023\/09\/invajo-logo-light_720.png&#8221; alt=&#8221;Invajo&#8221; title_text=&#8221;Invajo&#8221; align=&#8221;center&#8221; _builder_version=&#8221;4.23.2&#8243; _module_preset=&#8221;default&#8221; max_width=&#8221;70%&#8221; global_colors_info=&#8221;{}&#8221;][\/et_pb_image][\/et_pb_column][\/et_pb_row][\/et_pb_section]<\/p>\n","protected":false},"excerpt":{"rendered":"<p>stockholmsm\u00e4ssan 2024V\u00e4lkomna till Stockholmsm\u00e4ssan!V\u00e4lkommen till v\u00e5r m\u00e5ngfacetterade v\u00e4rld av m\u00e4ssor och event d\u00e4r passioner och intressen samlas i en enda pulserande atmosf\u00e4r.\u00a0Oavsett om du \u00e4lskar inredning, brinner f\u00f6r tr\u00e4dg\u00e5rd, \u00e4r en sann b\u00e5tlivsentusiast eller en blivande husbyggare, arbetar inom B2C eller B2B eller ska lansera en ny produkt p\u00e5 marknaden har vi n\u00e5got som kommer [&hellip;]<\/p>\n","protected":false},"author":1,"featured_media":0,"parent":0,"menu_order":0,"comment_status":"closed","ping_status":"closed","template":"","meta":{"_et_pb_use_builder":"on","_et_pb_old_content":"","_et_gb_content_width":"","footnotes":""},"class_list":["post-5","page","type-page","status-publish","hentry"],"_links":{"self":[{"href":"https:\/\/wordpress.invajo.com\/crashcourse2023\/wp-json\/wp\/v2\/pages\/5","targetHints":{"allow":["GET"]}}],"collection":[{"href":"https:\/\/wordpress.invajo.com\/crashcourse2023\/wp-json\/wp\/v2\/pages"}],"about":[{"href":"https:\/\/wordpress.invajo.com\/crashcourse2023\/wp-json\/wp\/v2\/types\/page"}],"author":[{"embeddable":true,"href":"https:\/\/wordpress.invajo.com\/crashcourse2023\/wp-json\/wp\/v2\/users\/1"}],"replies":[{"embeddable":true,"href":"https:\/\/wordpress.invajo.com\/crashcourse2023\/wp-json\/wp\/v2\/comments?post=5"}],"version-history":[{"count":24,"href":"https:\/\/wordpress.invajo.com\/crashcourse2023\/wp-json\/wp\/v2\/pages\/5\/revisions"}],"predecessor-version":[{"id":305,"href":"https:\/\/wordpress.invajo.com\/crashcourse2023\/wp-json\/wp\/v2\/pages\/5\/revisions\/305"}],"wp:attachment":[{"href":"https:\/\/wordpress.invajo.com\/crashcourse2023\/wp-json\/wp\/v2\/media?parent=5"}],"curies":[{"name":"wp","href":"https:\/\/api.w.org\/{rel}","templated":true}]}}