{"id":17,"date":"2022-03-03T06:24:40","date_gmt":"2022-03-03T06:24:40","guid":{"rendered":"https:\/\/wordpress.invajo.com\/nhm2022\/?page_id=17"},"modified":"2022-08-03T08:44:58","modified_gmt":"2022-08-03T08:44:58","slug":"anmalan","status":"publish","type":"page","link":"https:\/\/wordpress.invajo.com\/nhm2022\/anmalan\/","title":{"rendered":"Anm\u00e4lan"},"content":{"rendered":"\n<p>F\u00f6ranm\u00e4lan till Nordiska historikerm\u00f6tet 2022 \u00e4r nu st\u00e4ngd (fr.o.m. 3 augusti kl. 10.45).\u00a0Du som \u00f6nskar anm\u00e4la dig \u00e4r v\u00e4lkommen att g\u00f6ra det p\u00e5 plats vid registreringen p\u00e5 Humanisten s\u00f6ndag 7 augusti kl. 15.00-18.00. Vid anm\u00e4lan p\u00e5 plats erbjuds sociala aktiviteter i m\u00e5n av plats, men kan ej garanteras. <\/p>\n\n\n\n<hr class=\"wp-block-separator\" \/>\n\n\n\n<h4 class=\"wp-block-heading\"><strong>Deltagaravgifter och anm\u00e4lan<\/strong><\/h4>\n\n\n\n<p><strong>Early bird t.o.m. 5 maj<\/strong><\/p>\n\n\n\n<figure class=\"wp-block-table is-style-regular\"><table class=\"has-fixed-layout\"><tbody><tr><td>Ordinarie avgift<\/td><td>1900 SEK  exkl. 25% VAT \/moms<\/td><td><\/td><\/tr><tr><td>Studerande\/Doktorand<\/td><td>1400 SEK<strong> <\/strong> exkl. 25% VAT \/moms <\/td><td><\/td><\/tr><\/tbody><\/table><\/figure>\n\n\n\n<p> <strong>Standard avgift, 6 maj-3 augusti kl. 10.00<\/strong><\/p>\n\n\n\n<figure class=\"wp-block-table\"><table class=\"has-fixed-layout\"><tbody><tr><td>Ordinarie avgift <\/td><td>2400 SEK exkl. 25% VAT \/moms <\/td><td><\/td><\/tr><tr><td>Studerande\/Doktorand<\/td><td>1900 SEK  exkl. 25% VAT \/moms <\/td><td><\/td><\/tr><\/tbody><\/table><\/figure>\n\n\n\n<p>  <strong>Anm\u00e4lan under Nordiska Historikerm\u00f6tet fr.o.m. 7 augusti<\/strong> <strong>kl. 15.00<\/strong><\/p>\n\n\n\n<figure class=\"wp-block-table\"><table class=\"has-fixed-layout\"><tbody><tr><td>Ordinarie avgift  <\/td><td> 2900 SEK  exkl. 25% VAT \/moms  <\/td><td>Anm\u00e4lan \u00f6ppnar 7 augusti kl. 15.00<\/td><\/tr><tr><td> Studerande\/Doktorand <\/td><td> 2400 SEK  exkl. 25% VAT \/moms  <\/td><td> Anm\u00e4lan \u00f6ppnar 7 augusti kl. 15.00 <\/td><\/tr><\/tbody><\/table><\/figure>\n\n\n\n<p><strong>I deltagaravgiften ing\u00e5r f\u00f6ljande:<\/strong><\/p>\n\n\n\n<ul class=\"wp-block-list\"><li>Deltagande i konferensprogrammet 8-11 augusti<\/li><li>Lunch och kaffe enligt programmet<\/li><li>Stadens mottagning m\u00e5ndag 8 augusti.<\/li><\/ul>\n\n\n\n<p>Deltagande i bankettmiddagen p\u00e5 Kajskjul 8 den 9 augusti kostar 600 kr + 25% moms. <\/p>\n\n\n\n<hr class=\"wp-block-separator\" \/>\n\n\n\n<h4 class=\"wp-block-heading\"><strong>Villkor<\/strong><\/h4>\n\n\n\n<p>Genom att anm\u00e4la dig till Nordiska Historikerm\u00f6tet 2022 samtycker du till att f\u00f6lja de h\u00e4lso- och s\u00e4kerhets\u00e5tg\u00e4rder som g\u00e4ller vid tidpunkten f\u00f6r evenemanget, vilket kan inkludera, men inte begr\u00e4nsas till, att b\u00e4ra ansiktsmask, uppvisa bevis p\u00e5 vaccinationsstatus och\/eller tillhandah\u00e5lla bevis p\u00e5 negativt covid-19-test.&nbsp;Arrang\u00f6rerna f\u00f6ljer restriktioner och rekommendationer fr\u00e5n svenska Folkh\u00e4lsomyndigheten.<\/p>\n\n\n\n<p><strong>Betalning<\/strong><br><em>Deltagare fr\u00e5n Norden (Sverige, Norge, Danmark, Finland &amp; Island):<\/em><br>Deltagaravgiften betalas med kreditkort eller mot faktura*. Moms debiteras enligt g\u00e4llande lagstiftning. Fakturan skickas med post till den adress som du anger p\u00e5 betalsidan i anm\u00e4lningsformul\u00e4ret. Vid betalning mot faktura tillkommer en administrativ avgift p\u00e5 SEK 48 exkl. 25% moms. Vid f\u00f6rsenad betalning debiteras SEK 60 exkl. moms i p\u00e5minnelseavgift. \u00d6vriga kravavgifter och dr\u00f6jsm\u00e5lsr\u00e4nta tillkommer enligt inkassolagen respektive r\u00e4ntelagen.<\/p>\n\n\n\n<p>Vid fakturering skall organisationsnummer, fakturaadress,&nbsp;fakturareferens samt&nbsp;distributionss\u00e4tt&nbsp;anges.&nbsp;OBS:&nbsp;Om fakturan skall skickas till svensk organisation i offentlig sektor&nbsp;<strong>m\u00e5ste<\/strong>&nbsp;E-faktura v\u00e4ljas som distributionss\u00e4tt och det \u00e4r d\u00e5 obligatoriskt att ange VAN-operat\u00f6r samt elektronisk adress (GLN-nummer eller Peppol-ID). S\u00e4kerst\u00e4ll \u00e4ven att fakturareferensen \u00e4r angiven i det format din organisation\/arbetsgivare kr\u00e4ver.<\/p>\n\n\n\n<p>Deltagare fr\u00e5n Norge, Finland, Danmark och Iskland ska v\u00e4lja <strong>e-post<\/strong> som distributionss\u00e4tt vid betalning med faktura.<\/p>\n\n\n\n<p>Observera att vid omdebitering av en utst\u00e4lld faktura p.g.a. felaktigt angivna fakturauppgifter, debiteras en avgift p\u00e5 SEK 400 exkl. 25% moms.<\/p>\n\n\n\n<p><em>Deltagare fr\u00e5n l\u00e4nder utanf\u00f6r Norden:<\/em> <br>Betalning m\u00e5ste g\u00f6ras med kreditkort.<\/p>\n\n\n\n<p><strong>Avbokning deltagande<\/strong><br>Beh\u00f6ver du avboka din plats g\u00f6r du detta skriftligen till Resia. Om avbokning g\u00f6rs senast den 28 april s\u00e5 kommer en avbokningsavgift p\u00e5 SEK 500 exkl 25% moms att debiteras. Vid avbokning efter 28 april debiteras hela konferensavgiften.<\/p>\n\n\n\n<p><strong>Avbokning logi<\/strong><br>F\u00f6r avbokning fram till och med den 28 april \u00e5terbetalas logikostnaden, f\u00f6rutom en avbokningskostnad p\u00e5 SEK 300 exkl. 25% moms f\u00f6r varje avbokning. Vid avbokning\/\u00e4ndring av bokning d\u00e4refter kan ingen \u00e5terbetalning g\u00f6ras.<\/p>\n\n\n\n<p>Alla \u00e4ndringar m\u00e5ste g\u00f6ra skriftligt till&nbsp;<strong><a href=\"mailto:nhm2022@resia.se\">nhm2022@resia.se<\/a><\/strong>.<\/p>\n\n\n\n<p><strong>Byte av deltagare<\/strong><br>Om du inte har m\u00f6jlighet att delta p\u00e5 m\u00f6tet, kan du \u00f6verl\u00e5ta din plats till n\u00e5gon annan mot en avgift p\u00e5 SEK 300 exkl. 25% moms. Vi ber dig att kontakta Resia Kongress om detta blir aktuellt:&nbsp;<a href=\"mailto:nhm2022@resia.se\"><\/a><strong><strong><a href=\"mailto:nhm2022@resia.se\">nhm2022@resia.se<\/a><\/strong><\/strong>.<\/p>\n\n\n\n<p><strong>Kostinformation<\/strong><br>\u00d6nskem\u00e5l om specialkost m\u00e5ste meddelas senast tv\u00e5 veckor innan konferensens start f\u00f6r att Nordiska Historikerm\u00f6tet ska kunna garantera att specialkosten kan serveras. V\u00e4nligen observera att med specialkost avses vegetarisk eller vegansk kost samt allergier. Dieter beaktas ej.<\/p>\n\n\n\n<hr class=\"wp-block-separator\" \/>\n\n\n\n<p><strong>Kontakt f\u00f6r fr\u00e5gor om anm\u00e4lan, hotell, resa &amp; betalning<\/strong><br>Resia Kongress<br>Tel: 018-18 35 35<br>E-post:&nbsp;<strong><a href=\"mailto:nhm2022@resia.se\"><strong><strong><\/strong><\/strong><\/a><strong><strong><a href=\"mailto:nhm2022@resia.se\">nhm2022@resia.se<\/a><\/strong><\/strong><\/strong><\/p>\n\n\n\n<p>Alla \u00e4ndringar\/avbokningar m\u00e5ste g\u00f6ra skriftligt till  <strong><a href=\"mailto:nhm2022@resia.se\"><\/a><strong><strong><a href=\"mailto:nhm2022@resia.se\">nhm2022@resia.se<\/a><\/strong><\/strong><\/strong>. <\/p>\n","protected":false},"excerpt":{"rendered":"<p>F\u00f6ranm\u00e4lan till Nordiska historikerm\u00f6tet 2022 \u00e4r nu st\u00e4ngd (fr.o.m. 3 augusti kl. 10.45).\u00a0Du som \u00f6nskar anm\u00e4la dig \u00e4r v\u00e4lkommen att g\u00f6ra det p\u00e5 plats vid registreringen p\u00e5 Humanisten s\u00f6ndag 7 augusti kl. 15.00-18.00. Vid anm\u00e4lan p\u00e5 plats erbjuds sociala aktiviteter i m\u00e5n av plats, men kan ej garanteras. Deltagaravgifter och anm\u00e4lan Early bird t.o.m. 5 [&hellip;]<\/p>\n","protected":false},"author":6,"featured_media":0,"parent":0,"menu_order":0,"comment_status":"closed","ping_status":"closed","template":"","meta":{"_et_pb_use_builder":"off","_et_pb_old_content":"","_et_gb_content_width":"","footnotes":""},"class_list":["post-17","page","type-page","status-publish","hentry"],"_links":{"self":[{"href":"https:\/\/wordpress.invajo.com\/nhm2022\/wp-json\/wp\/v2\/pages\/17","targetHints":{"allow":["GET"]}}],"collection":[{"href":"https:\/\/wordpress.invajo.com\/nhm2022\/wp-json\/wp\/v2\/pages"}],"about":[{"href":"https:\/\/wordpress.invajo.com\/nhm2022\/wp-json\/wp\/v2\/types\/page"}],"author":[{"embeddable":true,"href":"https:\/\/wordpress.invajo.com\/nhm2022\/wp-json\/wp\/v2\/users\/6"}],"replies":[{"embeddable":true,"href":"https:\/\/wordpress.invajo.com\/nhm2022\/wp-json\/wp\/v2\/comments?post=17"}],"version-history":[{"count":30,"href":"https:\/\/wordpress.invajo.com\/nhm2022\/wp-json\/wp\/v2\/pages\/17\/revisions"}],"predecessor-version":[{"id":972,"href":"https:\/\/wordpress.invajo.com\/nhm2022\/wp-json\/wp\/v2\/pages\/17\/revisions\/972"}],"wp:attachment":[{"href":"https:\/\/wordpress.invajo.com\/nhm2022\/wp-json\/wp\/v2\/media?parent=17"}],"curies":[{"name":"wp","href":"https:\/\/api.w.org\/{rel}","templated":true}]}}