{"id":180,"date":"2022-03-06T15:22:07","date_gmt":"2022-03-06T15:22:07","guid":{"rendered":"https:\/\/wordpress.invajo.com\/nhm2022\/?page_id=180"},"modified":"2022-08-09T16:27:25","modified_gmt":"2022-08-09T16:27:25","slug":"english","status":"publish","type":"page","link":"https:\/\/wordpress.invajo.com\/nhm2022\/english\/","title":{"rendered":"Welcome to the 30th Congress of Nordic Historians!"},"content":{"rendered":"\n<figure class=\"wp-block-image size-large\"><img loading=\"lazy\" decoding=\"async\" width=\"1024\" height=\"341\" src=\"https:\/\/www.nhm2022.se\/wp-content\/uploads\/sites\/5\/2022\/07\/151213B-1024x341.jpg\" alt=\"NHM2022\" class=\"wp-image-778\" srcset=\"https:\/\/www.nhm2022.se\/wp-content\/uploads\/sites\/5\/2022\/07\/151213B-1024x341.jpg 1024w, https:\/\/www.nhm2022.se\/wp-content\/uploads\/sites\/5\/2022\/07\/151213B-980x327.jpg 980w, https:\/\/www.nhm2022.se\/wp-content\/uploads\/sites\/5\/2022\/07\/151213B-480x160.jpg 480w\" sizes=\"(min-width: 0px) and (max-width: 480px) 480px, (min-width: 481px) and (max-width: 980px) 980px, (min-width: 981px) 1024px, 100vw\" \/><\/figure>\n\n\n\n<p><\/p>\n\n\n\n<p class=\"has-normal-font-size\"><span class=\"has-inline-color has-vivid-red-color\">\u2022 <\/span><strong><span class=\"has-inline-color has-vivid-red-color\">The winner of the 2022 Nordic History Book Award<\/span><\/strong> is <strong><span class=\"has-inline-color has-vivid-red-color\">Tim van Gerven<\/span><\/strong> for <em><span class=\"has-inline-color has-vivid-red-color\">Scandinavism: Overlapping and Competing Identities in the Nordic World, 1770\u20131919<\/span><\/em> (Brill 2022). Read more <a href=\"https:\/\/www.nhm2022.se\/nordic-history-book-award\/\">here<\/a>.<\/p>\n\n\n\n<p class=\"has-normal-font-size\"><strong><span class=\"has-inline-color has-vivid-red-color\">\u2022 Online registration has now closed but it will be possible to register on site in Gothenburg \u2013 click <span style=\"text-decoration: underline\"><a href=\"https:\/\/www.nhm2022.se\/registration\/\" data-type=\"page\" data-id=\"26\">here<\/a><\/span> for more information.<\/span><\/strong><\/p>\n\n\n\n<p class=\"has-normal-font-size\"><strong><span class=\"has-inline-color has-vivid-red-color\">\u2022 Links to the full congress programme and an abstract book can be found on <a href=\"https:\/\/www.nhm2022.se\/programme\/\" data-type=\"page\" data-id=\"176\">the programme page<\/a>.<\/span><\/strong><\/p>\n\n\n\n<p class=\"has-normal-font-size\"><strong><span class=\"has-inline-color has-vivid-red-color\">\u2022 Programming change (11 July 2022):<\/span><\/strong> Due to flight disruptions, the keynote lectures of Maya Jasanoff and Poul Holm have changed place with each other. Poul Holm will now deliver his keynote in the morning of 8 August and Maya Jasanoff will deliver hers in the afternoon of 9 August. More detailed information can be found in the various programme versions which are linked from the <span class=\"has-inline-color has-vivid-red-color\"><a href=\"https:\/\/www.nhm2022.se\/programme\/\" data-type=\"page\" data-id=\"176\">the programme page<\/a><\/span>.<\/p>\n\n\n\n<p class=\"has-normal-font-size\"><\/p>\n\n\n\n<p><\/p>\n\n\n\n<hr class=\"wp-block-separator\" \/>\n\n\n\n<p><\/p>\n\n\n\n<p>On 8\u201311 August, 2022, the 30th Congress of Nordic Historians will be held at the <a href=\"https:\/\/www.gu.se\/en\">University of Gothenburg<\/a>, Sweden. The meeting coincides with the 400th anniversary of the city of Gothenburg. The first Congress was held in Lund in 1905, and since then it has circulated between different universities in the Nordic countries. Gothenburg has previously hosted the meeting in 1923 and 1951.<\/p>\n\n\n\n<p>The main organisers are the <a href=\"https:\/\/www.gu.se\/en\/historical-studies\">Department of Historical Studies<\/a> at the University of Gothenburg, the <a href=\"https:\/\/svenskahistoriskaforeningen.se\/index.php\/english\">Swedish Historical Association<\/a> and the Nordic Committee for Historians in collaboration with the <a href=\"https:\/\/goteborg.se\/\">City of Gothenburg<\/a>, the <a href=\"https:\/\/www.gu.se\/en\/school-business-economics-law\/economy-society\/about-us\/our-units\/unit-for-economic-history\">Unit of Economic History<\/a> and the <a href=\"https:\/\/www.gu.se\/en\/literature-history-of-ideas-religion\">Department of Literature, History of Ideas, and Religion<\/a> at the University of Gothenburg.<\/p>\n\n\n\n<p>The main theme of the 2022 Congress is \u2018Global and local\u2019 and the <a href=\"https:\/\/www.nhm2022.se\/keynote-speakers\/\" data-type=\"page\" data-id=\"299\">keynote speakers<\/a> are Professor <strong>Maya Jasanoff<\/strong>, Harvard University (USA) and Professor <strong>Poul Holm<\/strong>, Trinity College Dublin (Ireland). The congress theme emphasises the connections that have existed and still exist between the global and the local and how these have influenced and keep influencing each other; notably this has been a distinctive element in the history of the host city. Approaches that link the global and local to each other are important, both historiographically and politically.<\/p>\n\n\n\n<p>We invite you to a four-day scholarly exchange where both empirical results and theoretical and methodological issues related to the conference theme will be presented and discussed. In addition to the main theme, the Congress will also provide ample space for presentations of other research produced by Nordic historians or by non-Nordic historians working on Nordic history. The conference is organised in the form of plenary lectures as well as roundtable discussions, thematic sessions and individual presentations.<\/p>\n\n\n\n<p><a href=\"https:\/\/wordpress.invajo.com\/nhm2022\/wp-content\/uploads\/sites\/5\/2022\/03\/CFP-NHM2022-English.pdf\">The call for papers<\/a> closed on 1 February 2022 and a complete conference programme can be found <a href=\"https:\/\/www.nhm2022.se\/programme\/\">here<\/a>. This website is regularly updated with details about the programme, registration and practical arrangements as they become available.<\/p>\n\n\n\n<p>Welcome to Gothenburg in August!<\/p>\n\n\n\n<p>The NHM2022 organising committee<\/p>\n\n\n\n<p><\/p>\n\n\n\n<figure class=\"wp-block-image size-large is-resized\"><img loading=\"lazy\" decoding=\"async\" src=\"https:\/\/www.nhm2022.se\/wp-content\/uploads\/sites\/5\/2022\/06\/NHM-vardar-1024x330.png\" alt=\"Svenska Historiska F\u00f6reningen, G\u00f6teborgs universitet och G\u00f6teborgs Stad\" class=\"wp-image-676\" width=\"768\" height=\"248\" \/><\/figure>\n\n\n\n<p><\/p>\n","protected":false},"excerpt":{"rendered":"<p>\u2022 The winner of the 2022 Nordic History Book Award is Tim van Gerven for Scandinavism: Overlapping and Competing Identities in the Nordic World, 1770\u20131919 (Brill 2022). Read more here. \u2022 Online registration has now closed but it will be possible to register on site in Gothenburg \u2013 click here for more information. \u2022 Links [&hellip;]<\/p>\n","protected":false},"author":6,"featured_media":0,"parent":0,"menu_order":0,"comment_status":"closed","ping_status":"closed","template":"","meta":{"_et_pb_use_builder":"","_et_pb_old_content":"","_et_gb_content_width":"","footnotes":""},"class_list":["post-180","page","type-page","status-publish","hentry"],"_links":{"self":[{"href":"https:\/\/wordpress.invajo.com\/nhm2022\/wp-json\/wp\/v2\/pages\/180","targetHints":{"allow":["GET"]}}],"collection":[{"href":"https:\/\/wordpress.invajo.com\/nhm2022\/wp-json\/wp\/v2\/pages"}],"about":[{"href":"https:\/\/wordpress.invajo.com\/nhm2022\/wp-json\/wp\/v2\/types\/page"}],"author":[{"embeddable":true,"href":"https:\/\/wordpress.invajo.com\/nhm2022\/wp-json\/wp\/v2\/users\/6"}],"replies":[{"embeddable":true,"href":"https:\/\/wordpress.invajo.com\/nhm2022\/wp-json\/wp\/v2\/comments?post=180"}],"version-history":[{"count":38,"href":"https:\/\/wordpress.invajo.com\/nhm2022\/wp-json\/wp\/v2\/pages\/180\/revisions"}],"predecessor-version":[{"id":1029,"href":"https:\/\/wordpress.invajo.com\/nhm2022\/wp-json\/wp\/v2\/pages\/180\/revisions\/1029"}],"wp:attachment":[{"href":"https:\/\/wordpress.invajo.com\/nhm2022\/wp-json\/wp\/v2\/media?parent=180"}],"curies":[{"name":"wp","href":"https:\/\/api.w.org\/{rel}","templated":true}]}}