{"id":194,"date":"2022-03-06T15:41:45","date_gmt":"2022-03-06T15:41:45","guid":{"rendered":"https:\/\/wordpress.invajo.com\/nhm2022\/?page_id=194"},"modified":"2022-07-11T14:16:34","modified_gmt":"2022-07-11T14:16:34","slug":"kontakt","status":"publish","type":"page","link":"https:\/\/wordpress.invajo.com\/nhm2022\/kontakt\/","title":{"rendered":"Kontakt"},"content":{"rendered":"\n<p><em>F\u00f6r programrelaterade fr\u00e5gor:<\/em><br>Kenneth Nyberg<br>E-post: nhm2022@gu.se<br>\u200b<br><em>F\u00f6r abstractrelaterade fr\u00e5gor:<\/em><br>E-post: abstracts.nhm2021@appinconf.com<br>\u200b<br><em>F\u00f6r fr\u00e5gor g\u00e4llande anm\u00e4lan, boende och resa:<\/em><br>Resia Kongress<br>Tel: +46 (0)31 61 77 10 (Telefontid tis-tors 9-12)<br>E-post: nhm2022@resia.se<\/p>\n\n\n\n<p><\/p>\n\n\n\n<figure class=\"wp-block-image size-full\"><img loading=\"lazy\" decoding=\"async\" width=\"218\" height=\"80\" src=\"https:\/\/wordpress.invajo.com\/nhm2022\/wp-content\/uploads\/sites\/5\/2022\/03\/Resia_Logo_Kongress_rgb.png.webp\" alt=\"\" class=\"wp-image-195\" \/><\/figure>\n\n\n\n<p><\/p>\n\n\n\n<p><\/p>\n\n\n\n<h3 class=\"wp-block-heading\">Organisationskommitt\u00e9<\/h3>\n\n\n\n<p><em>Per Hall\u00e9n, Lars Hermanson, Henrik Janson, Johan K\u00e4rnfelt, Thomas Lindkvist, Au\u00f0ur Magn\u00fasd\u00f3ttir, Roddy Nilsson, Kenneth Nyberg (ordf\u00f6rande), Anders Ottosson och Maria Sj\u00f6berg<\/em><\/p>\n","protected":false},"excerpt":{"rendered":"<p>F\u00f6r programrelaterade fr\u00e5gor:Kenneth NybergE-post: nhm2022@gu.se\u200bF\u00f6r abstractrelaterade fr\u00e5gor:E-post: abstracts.nhm2021@appinconf.com\u200bF\u00f6r fr\u00e5gor g\u00e4llande anm\u00e4lan, boende och resa:Resia KongressTel: +46 (0)31 61 77 10 (Telefontid tis-tors 9-12)E-post: nhm2022@resia.se Organisationskommitt\u00e9 Per Hall\u00e9n, Lars Hermanson, Henrik Janson, Johan K\u00e4rnfelt, Thomas Lindkvist, Au\u00f0ur Magn\u00fasd\u00f3ttir, Roddy Nilsson, Kenneth Nyberg (ordf\u00f6rande), Anders Ottosson och Maria Sj\u00f6berg<\/p>\n","protected":false},"author":6,"featured_media":0,"parent":0,"menu_order":0,"comment_status":"closed","ping_status":"closed","template":"","meta":{"_et_pb_use_builder":"","_et_pb_old_content":"","_et_gb_content_width":"","footnotes":""},"class_list":["post-194","page","type-page","status-publish","hentry"],"_links":{"self":[{"href":"https:\/\/wordpress.invajo.com\/nhm2022\/wp-json\/wp\/v2\/pages\/194","targetHints":{"allow":["GET"]}}],"collection":[{"href":"https:\/\/wordpress.invajo.com\/nhm2022\/wp-json\/wp\/v2\/pages"}],"about":[{"href":"https:\/\/wordpress.invajo.com\/nhm2022\/wp-json\/wp\/v2\/types\/page"}],"author":[{"embeddable":true,"href":"https:\/\/wordpress.invajo.com\/nhm2022\/wp-json\/wp\/v2\/users\/6"}],"replies":[{"embeddable":true,"href":"https:\/\/wordpress.invajo.com\/nhm2022\/wp-json\/wp\/v2\/comments?post=194"}],"version-history":[{"count":6,"href":"https:\/\/wordpress.invajo.com\/nhm2022\/wp-json\/wp\/v2\/pages\/194\/revisions"}],"predecessor-version":[{"id":848,"href":"https:\/\/wordpress.invajo.com\/nhm2022\/wp-json\/wp\/v2\/pages\/194\/revisions\/848"}],"wp:attachment":[{"href":"https:\/\/wordpress.invajo.com\/nhm2022\/wp-json\/wp\/v2\/media?parent=194"}],"curies":[{"name":"wp","href":"https:\/\/api.w.org\/{rel}","templated":true}]}}