{"id":20,"date":"2022-03-03T06:25:06","date_gmt":"2022-03-03T06:25:06","guid":{"rendered":"https:\/\/wordpress.invajo.com\/nhm2022\/?page_id=20"},"modified":"2022-08-09T16:07:19","modified_gmt":"2022-08-09T16:07:19","slug":"program","status":"publish","type":"page","link":"https:\/\/wordpress.invajo.com\/nhm2022\/program\/","title":{"rendered":"Program"},"content":{"rendered":"\n<p>Programmet vid Nordiska historikerm\u00f6tet best\u00e5r av s\u00e5v\u00e4l <a href=\"https:\/\/www.nhm2022.se\/keynote-speakers\/\" data-type=\"page\" data-id=\"299\">plenarf\u00f6rel\u00e4sningar<\/a> (keynotes) som tematiska sessioner, rundabordssamtal och en <a href=\"https:\/\/www.nhm2022.se\/keynote-speakers\/\" data-type=\"page\" data-id=\"299\">avslutande plenarsession<\/a>. De flesta tematiska sessioner har satts samman av enskilda forskare, men cirka en tredjedel best\u00e5r av individuella papers och presentationer som grupperats i sessioner av historikerm\u00f6tets organisationskommitt\u00e9. Se nedan f\u00f6r en program\u00f6versikt och l\u00e4nkar till det fullst\u00e4ndiga konferensprogrammet.<\/p>\n\n\n\n<p>Observera att p\u00e5 grund av flygst\u00f6rningar har Maya Jasanoffs och Poul Holms plenarf\u00f6rel\u00e4sningar bytt plats med varandra i programmet, vilket framg\u00e5r i b\u00e5de \u00f6versikten och de olika versionerna av det fullst\u00e4ndiga konferensprogrammet.<\/p>\n\n\n\n<p><\/p>\n\n\n\n<figure class=\"wp-block-image size-large\"><a href=\"https:\/\/www.nhm2022.se\/wp-content\/uploads\/sites\/5\/2022\/07\/NHM2022-Oversiktsprogram.png\"><img loading=\"lazy\" decoding=\"async\" width=\"1024\" height=\"653\" src=\"https:\/\/www.nhm2022.se\/wp-content\/uploads\/sites\/5\/2022\/07\/NHM2022-Oversiktsprogram-1024x653.png\" alt=\"\" class=\"wp-image-799\" srcset=\"https:\/\/www.nhm2022.se\/wp-content\/uploads\/sites\/5\/2022\/07\/NHM2022-Oversiktsprogram-980x625.png 980w, https:\/\/www.nhm2022.se\/wp-content\/uploads\/sites\/5\/2022\/07\/NHM2022-Oversiktsprogram-480x306.png 480w\" sizes=\"(min-width: 0px) and (max-width: 480px) 480px, (min-width: 481px) and (max-width: 980px) 980px, (min-width: 981px) 1024px, 100vw\" \/><\/a><\/figure>\n\n\n\n<p><\/p>\n\n\n\n<p><\/p>\n\n\n\n<p>Det detaljerade programmet f\u00f6r historikerm\u00f6tet finns att tillg\u00e5 i n\u00e5gra olika versioner:<\/p>\n\n\n\n<ul class=\"wp-block-list\"><li><strong><a href=\"https:\/\/www.nhm2022.se\/wp-content\/uploads\/sites\/5\/2022\/07\/NHM2022-Official-programme.pdf\">Officiellt konferensprogram<\/a><\/strong>: Statisk PDF-fil med slutversionen av hela programmet utom abstracts, publicerad <strong>den 13 juli 2022<\/strong>. F\u00f6r\u00e4ndringar efter detta datum kommer bara att synas i det webbaserade grafiska programmet nedan, och de listas ocks\u00e5 l\u00e4ngst ner p\u00e5 denna sida. PDF-filen utg\u00f6r underlag f\u00f6r det tryckta program som delas ut i samband med registreringen i G\u00f6teborg.<\/li><\/ul>\n\n\n\n<ul class=\"wp-block-list\"><li><strong><a href=\"https:\/\/www.nhm2022.se\/grafiskt-program\/\">Grafiskt program<\/a><\/strong>: Webbaserad version av konferensprogrammet med l\u00e4nkar till alla abstracts, senast uppdaterad <strong>den 5 augusti 2022<\/strong>.<\/li><\/ul>\n\n\n\n<ul class=\"wp-block-list\"><li><strong><a href=\"https:\/\/www.nhm2022.se\/wp-content\/uploads\/sites\/5\/2022\/08\/NHM2022-Abstract-book-5-August-2022.pdf\">Abstractbok<\/a><\/strong>: En PDF-fil med samtliga abstracts ordnade efter bidragstyp (individuella papers, tematiska sessioner och rundabordssamtal) och sessionsnummer. Abstractboken uppdaterades senast <strong>den 5 augusti 2022<\/strong> och kommer bara att tillhandah\u00e5llas i digital form.<\/li><\/ul>\n\n\n\n<p><\/p>\n\n\n\n<h3 class=\"wp-block-heading\">Sena program\u00e4ndringar<\/h3>\n\n\n\n<p>F\u00f6ljande program\u00e4ndringar har skett efter den 13 juli 2022, d\u00e5 slutversionen av det fullst\u00e4ndiga konferensprogrammet gick i tryck. Listan uppdaterades senast <strong>den 7 augusti<\/strong>.<\/p>\n\n\n\n<p>\u2022 Utdelningen av <a href=\"https:\/\/www.nhm2022.se\/nordiska-historiebokspriset\/\" data-type=\"page\" data-id=\"22\">Nordiska historiebokspriset<\/a> har flyttats fr\u00e5n bankettmiddagen till invigningen den 8 augusti.<\/p>\n\n\n\n<p><\/p>\n\n\n\n<p>\u2022 Session 1 B: Martin Skoglunds paper flyttas till session 2 B<\/p>\n\n\n\n<p>\u2022 Session 1 J: Sofie Lindebergs bidrag utg\u00e5r<\/p>\n\n\n\n<p>\u2022 Session 1 L &amp; 2 L: Johanna Ilmakunnas bidrag utg\u00e5r<\/p>\n\n\n\n<p>\u2022 Session 2 B: Katrin Kleemanns paper utg\u00e5r och ers\u00e4tts av Martin Skoglunds<\/p>\n\n\n\n<p>\u2022 Session 3 E: Paper P7 (Sine Maria Vinther) utg\u00e5r<\/p>\n\n\n\n<p>\u2022 Session 3 L: Sessionen utg\u00e5r<\/p>\n\n\n\n<p><\/p>\n\n\n\n<p>\u2022 Session 4 C: Sessionen utg\u00e5r<\/p>\n\n\n\n<p>\u2022 Session 4 R: Paper P34 (Christopher Thompson, Didier Goossens) utg\u00e5r<\/p>\n\n\n\n<p>\u2022 Session 6 H: Jani Marjanens paper utg\u00e5r<\/p>\n\n\n\n<p><\/p>\n\n\n\n<p>\u2022 Session 7 F: Paper P77 (Martin Andersson) utg\u00e5r<\/p>\n\n\n\n<p>\u2022 Session 7 L: Paper P94 (Bj\u00f6rn Hasselgren) utg\u00e5r<\/p>\n\n\n\n<p>\u2022 Session 7 L: Paper P96 (Jana Lainto) utg\u00e5r<\/p>\n\n\n\n<p>\u2022 Session 7 M: Paper P98 (Magnus Rodell) kommer att ges p\u00e5 svenska<\/p>\n\n\n\n<p>\u2022 Session 8 C: Heikki Kokkos bidrag utg\u00e5r<\/p>\n\n\n\n<p>\u2022 Session 9 A: Jens Petter Nielsens bidrag utg\u00e5r<\/p>\n\n\n\n<p>\u2022 Session 9 D: Paper P112 (Hrafnkell L\u00e1russon) utg\u00e5r<\/p>\n\n\n\n<p>\u2022 Session 9 H: Anssi Ollilainens och Eva Hellmans bidrag utg\u00e5r<\/p>\n\n\n\n<p>\u2022 Session 9 P: Paper P128 (Heini Hakosalo) utg\u00e5r<\/p>\n\n\n\n<p><\/p>\n\n\n\n<p><\/p>\n","protected":false},"excerpt":{"rendered":"<p>Programmet vid Nordiska historikerm\u00f6tet best\u00e5r av s\u00e5v\u00e4l plenarf\u00f6rel\u00e4sningar (keynotes) som tematiska sessioner, rundabordssamtal och en avslutande plenarsession. De flesta tematiska sessioner har satts samman av enskilda forskare, men cirka en tredjedel best\u00e5r av individuella papers och presentationer som grupperats i sessioner av historikerm\u00f6tets organisationskommitt\u00e9. Se nedan f\u00f6r en program\u00f6versikt och l\u00e4nkar till det fullst\u00e4ndiga konferensprogrammet. [&hellip;]<\/p>\n","protected":false},"author":6,"featured_media":0,"parent":0,"menu_order":0,"comment_status":"closed","ping_status":"closed","template":"","meta":{"_et_pb_use_builder":"off","_et_pb_old_content":"","_et_gb_content_width":"","footnotes":""},"class_list":["post-20","page","type-page","status-publish","hentry"],"_links":{"self":[{"href":"https:\/\/wordpress.invajo.com\/nhm2022\/wp-json\/wp\/v2\/pages\/20","targetHints":{"allow":["GET"]}}],"collection":[{"href":"https:\/\/wordpress.invajo.com\/nhm2022\/wp-json\/wp\/v2\/pages"}],"about":[{"href":"https:\/\/wordpress.invajo.com\/nhm2022\/wp-json\/wp\/v2\/types\/page"}],"author":[{"embeddable":true,"href":"https:\/\/wordpress.invajo.com\/nhm2022\/wp-json\/wp\/v2\/users\/6"}],"replies":[{"embeddable":true,"href":"https:\/\/wordpress.invajo.com\/nhm2022\/wp-json\/wp\/v2\/comments?post=20"}],"version-history":[{"count":88,"href":"https:\/\/wordpress.invajo.com\/nhm2022\/wp-json\/wp\/v2\/pages\/20\/revisions"}],"predecessor-version":[{"id":1015,"href":"https:\/\/wordpress.invajo.com\/nhm2022\/wp-json\/wp\/v2\/pages\/20\/revisions\/1015"}],"wp:attachment":[{"href":"https:\/\/wordpress.invajo.com\/nhm2022\/wp-json\/wp\/v2\/media?parent=20"}],"curies":[{"name":"wp","href":"https:\/\/api.w.org\/{rel}","templated":true}]}}