{"id":200,"date":"2022-03-06T15:45:14","date_gmt":"2022-03-06T15:45:14","guid":{"rendered":"https:\/\/wordpress.invajo.com\/nhm2022\/?page_id=200"},"modified":"2022-07-11T14:16:28","modified_gmt":"2022-07-11T14:16:28","slug":"contact","status":"publish","type":"page","link":"https:\/\/wordpress.invajo.com\/nhm2022\/contact\/","title":{"rendered":"Contact"},"content":{"rendered":"\n<p><em>For questions about the programme:<\/em><br>Kenneth Nyberg<br>E-mail: nhm2022@gu.se<br>\u200b<br><em>For questions about abstracts submission:<\/em><br>E-mail: abstracts.nhm2021@appinconf.com<br>\u200b<br><em>For questions about registration, accommodation and travel:<\/em><br>Resia Kongress<br>Ph: +46 (0)31 61 77 10 (Tuesday-Thursday 9-12)<br>E-mail: nhm2022@resia.se<\/p>\n\n\n\n<p><\/p>\n\n\n\n<figure class=\"wp-block-image size-full\"><img loading=\"lazy\" decoding=\"async\" width=\"218\" height=\"80\" src=\"https:\/\/wordpress.invajo.com\/nhm2022\/wp-content\/uploads\/sites\/5\/2022\/03\/Resia_Logo_Kongress_rgb.png.webp\" alt=\"\" class=\"wp-image-195\" \/><\/figure>\n\n\n\n<p><\/p>\n\n\n\n<p><\/p>\n\n\n\n<h3 class=\"wp-block-heading\">Organising committee<\/h3>\n\n\n\n<p><em>Per Hall\u00e9n, Lars Hermanson, Henrik Janson, Johan K\u00e4rnfelt, Thomas Lindkvist, Au\u00f0ur Magn\u00fasd\u00f3ttir, Roddy Nilsson, Kenneth Nyberg (chair), Anders Ottosson and Maria Sj\u00f6berg<\/em><\/p>\n","protected":false},"excerpt":{"rendered":"<p>For questions about the programme:Kenneth NybergE-mail: nhm2022@gu.se\u200bFor questions about abstracts submission:E-mail: abstracts.nhm2021@appinconf.com\u200bFor questions about registration, accommodation and travel:Resia KongressPh: +46 (0)31 61 77 10 (Tuesday-Thursday 9-12)E-mail: nhm2022@resia.se Organising committee Per Hall\u00e9n, Lars Hermanson, Henrik Janson, Johan K\u00e4rnfelt, Thomas Lindkvist, Au\u00f0ur Magn\u00fasd\u00f3ttir, Roddy Nilsson, Kenneth Nyberg (chair), Anders Ottosson and Maria Sj\u00f6berg<\/p>\n","protected":false},"author":6,"featured_media":0,"parent":0,"menu_order":0,"comment_status":"closed","ping_status":"closed","template":"","meta":{"_et_pb_use_builder":"","_et_pb_old_content":"","_et_gb_content_width":"","footnotes":""},"class_list":["post-200","page","type-page","status-publish","hentry"],"_links":{"self":[{"href":"https:\/\/wordpress.invajo.com\/nhm2022\/wp-json\/wp\/v2\/pages\/200","targetHints":{"allow":["GET"]}}],"collection":[{"href":"https:\/\/wordpress.invajo.com\/nhm2022\/wp-json\/wp\/v2\/pages"}],"about":[{"href":"https:\/\/wordpress.invajo.com\/nhm2022\/wp-json\/wp\/v2\/types\/page"}],"author":[{"embeddable":true,"href":"https:\/\/wordpress.invajo.com\/nhm2022\/wp-json\/wp\/v2\/users\/6"}],"replies":[{"embeddable":true,"href":"https:\/\/wordpress.invajo.com\/nhm2022\/wp-json\/wp\/v2\/comments?post=200"}],"version-history":[{"count":6,"href":"https:\/\/wordpress.invajo.com\/nhm2022\/wp-json\/wp\/v2\/pages\/200\/revisions"}],"predecessor-version":[{"id":847,"href":"https:\/\/wordpress.invajo.com\/nhm2022\/wp-json\/wp\/v2\/pages\/200\/revisions\/847"}],"wp:attachment":[{"href":"https:\/\/wordpress.invajo.com\/nhm2022\/wp-json\/wp\/v2\/media?parent=200"}],"curies":[{"name":"wp","href":"https:\/\/api.w.org\/{rel}","templated":true}]}}