{"id":22,"date":"2022-03-03T06:25:25","date_gmt":"2022-03-03T06:25:25","guid":{"rendered":"https:\/\/wordpress.invajo.com\/nhm2022\/?page_id=22"},"modified":"2022-08-09T16:13:53","modified_gmt":"2022-08-09T16:13:53","slug":"nordiska-historiebokspriset","status":"publish","type":"page","link":"https:\/\/wordpress.invajo.com\/nhm2022\/nordiska-historiebokspriset\/","title":{"rendered":"Nordiska historiebokspriset"},"content":{"rendered":"\n<p>Vid Nordiska historikerm\u00f6tets invigning den 8 augusti tillk\u00e4nnagavs att Nordiska historiebokspriset 2022 tilldelas <strong>Tim van Gerven<\/strong> f\u00f6r hans bok <em>Scandinavism: Overlapping and Competing Identities in the Nordic World, 1770\u20131919<\/em> (Brill 2022). L\u00e4s mer om boken <a href=\"https:\/\/brill.com\/view\/title\/61678\">h\u00e4r<\/a>.<\/p>\n\n\n\n<p>Nordiska historiebokspriset \u00e4r instiftat och utdelas av Nordiska historikerkommitt\u00e9n, som best\u00e5r av representanter f\u00f6r de nationella historiska samfunden i Norden, i samarbete med\u00a0<em>Scandinavian Journal of History<\/em>\u00a0och Centrum f\u00f6r Nordenstudier vid Helsingfors universitet. Priset tilldelas f\u00f6rfattaren\/f\u00f6rfattarna till det mest nyskapande och tankev\u00e4ckande historiska verk om Nordens historia som publicerats sedan f\u00f6reg\u00e5ende Nordiska historikerm\u00f6te. Syftet med priset \u00e4r att stimulera intresset f\u00f6r Nordens historia. B\u00f6ckerna nomineras av f\u00f6rlag och f\u00f6rfattare och pristagaren utses av en priskommitt\u00e9 tillsatt av Nordiska historikerkommitt\u00e9n.<\/p>\n\n\n\n<p>F\u00f6r 2022 \u00e5rs utlysning hade f\u00f6rfattare och f\u00f6rlag m\u00f6jlighet att nominera b\u00f6cker till priset till och med den 28 februari. Mer information finns h\u00e4r (pdf):<\/p>\n\n\n\n<p><\/p>\n\n\n<div class=\"wp-block-file\"><a href=\"https:\/\/wordpress.invajo.com\/nhm2022\/wp-content\/uploads\/sites\/5\/2022\/03\/Nordiska-historiebokspriset-2022-Utlysning-SV.pdf\">Nordiska historiebokspriset 2022<\/a><a href=\"https:\/\/wordpress.invajo.com\/nhm2022\/wp-content\/uploads\/sites\/5\/2022\/03\/Nordiska-historiebokspriset-2022-Utlysning-SV.pdf\" class=\"wp-block-file__button\">Ladda ner<\/a><\/div>","protected":false},"excerpt":{"rendered":"<p>Vid Nordiska historikerm\u00f6tets invigning den 8 augusti tillk\u00e4nnagavs att Nordiska historiebokspriset 2022 tilldelas Tim van Gerven f\u00f6r hans bok Scandinavism: Overlapping and Competing Identities in the Nordic World, 1770\u20131919 (Brill 2022). L\u00e4s mer om boken h\u00e4r. Nordiska historiebokspriset \u00e4r instiftat och utdelas av Nordiska historikerkommitt\u00e9n, som best\u00e5r av representanter f\u00f6r de nationella historiska samfunden i [&hellip;]<\/p>\n","protected":false},"author":6,"featured_media":0,"parent":0,"menu_order":0,"comment_status":"closed","ping_status":"closed","template":"","meta":{"_et_pb_use_builder":"off","_et_pb_old_content":"","_et_gb_content_width":"","footnotes":""},"class_list":["post-22","page","type-page","status-publish","hentry"],"_links":{"self":[{"href":"https:\/\/wordpress.invajo.com\/nhm2022\/wp-json\/wp\/v2\/pages\/22","targetHints":{"allow":["GET"]}}],"collection":[{"href":"https:\/\/wordpress.invajo.com\/nhm2022\/wp-json\/wp\/v2\/pages"}],"about":[{"href":"https:\/\/wordpress.invajo.com\/nhm2022\/wp-json\/wp\/v2\/types\/page"}],"author":[{"embeddable":true,"href":"https:\/\/wordpress.invajo.com\/nhm2022\/wp-json\/wp\/v2\/users\/6"}],"replies":[{"embeddable":true,"href":"https:\/\/wordpress.invajo.com\/nhm2022\/wp-json\/wp\/v2\/comments?post=22"}],"version-history":[{"count":14,"href":"https:\/\/wordpress.invajo.com\/nhm2022\/wp-json\/wp\/v2\/pages\/22\/revisions"}],"predecessor-version":[{"id":1020,"href":"https:\/\/wordpress.invajo.com\/nhm2022\/wp-json\/wp\/v2\/pages\/22\/revisions\/1020"}],"wp:attachment":[{"href":"https:\/\/wordpress.invajo.com\/nhm2022\/wp-json\/wp\/v2\/media?parent=22"}],"curies":[{"name":"wp","href":"https:\/\/api.w.org\/{rel}","templated":true}]}}