{"id":222,"date":"2022-03-06T16:33:14","date_gmt":"2022-03-06T16:33:14","guid":{"rendered":"https:\/\/wordpress.invajo.com\/nhm2022\/?page_id=222"},"modified":"2022-03-06T16:53:29","modified_gmt":"2022-03-06T16:53:29","slug":"om-goteborg","status":"publish","type":"page","link":"https:\/\/wordpress.invajo.com\/nhm2022\/om-goteborg\/","title":{"rendered":"V\u00e4lkommen till G\u00f6teborg!"},"content":{"rendered":"\n<figure class=\"wp-block-image size-large\"><img loading=\"lazy\" decoding=\"async\" width=\"1024\" height=\"301\" src=\"https:\/\/wordpress.invajo.com\/nhm2022\/wp-content\/uploads\/sites\/5\/2022\/03\/Feskekyrkan-1024x301.jpg\" alt=\"\" class=\"wp-image-225\" srcset=\"https:\/\/wordpress.invajo.com\/nhm2022\/wp-content\/uploads\/sites\/5\/2022\/03\/Feskekyrkan-980x288.jpg 980w, https:\/\/wordpress.invajo.com\/nhm2022\/wp-content\/uploads\/sites\/5\/2022\/03\/Feskekyrkan-480x141.jpg 480w\" sizes=\"(min-width: 0px) and (max-width: 480px) 480px, (min-width: 481px) and (max-width: 980px) 980px, (min-width: 981px) 1024px, 100vw\" \/><\/figure>\n\n\n\n<p>G\u00f6teborg grundades 1621 och \u00e4r idag Sveriges n\u00e4st st\u00f6rsta t\u00e4tort med 600 000 inv\u00e5nare i sj\u00e4lva staden, och drygt en miljon inv\u00e5nare n\u00e4r kranskommunerna r\u00e4knas in (\u201dStorg\u00f6teborg\u201d). Bel\u00e4get vid G\u00f6ta \u00e4lvs mynning p\u00e5 den svenska v\u00e4stkusten \u00e4r G\u00f6teborgs hamn Skandinaviens st\u00f6rsta med ett \u00e5rligt infl\u00f6de av gods p\u00e5 n\u00e4stan 40 miljoner ton. G\u00f6teborg \u00e4r en etablerad studentstad med tv\u00e5 l\u00e4ros\u00e4ten, Chalmers tekniska h\u00f6gskola och G\u00f6teborgs universitet med tillsammans \u00f6ver 50 000 studenter.<\/p>\n\n\n\n<p>Den gamla f\u00e4stningsstadens centrum erbjuder trevliga promenader p\u00e5 gator vars str\u00e4ckning \u00e4ndrats endast i begr\u00e4nsad omfattning sedan G\u00f6teborgs grundl\u00e4ggande. Byggnaderna l\u00e4ngs dessa gator \u00e4r fr\u00e5n m\u00e5nga olika epoker men bara ett f\u00e5tal har bevarats fr\u00e5n 1600-talet. Landsh\u00f6vdingens residens och Kronhuset \u00e4r tv\u00e5 stora byggnader som \u00e4nnu finns kvar fr\u00e5n det tidiga G\u00f6teborg.<\/p>\n\n\n\n<figure class=\"wp-block-image size-full\"><img loading=\"lazy\" decoding=\"async\" width=\"650\" height=\"420\" src=\"https:\/\/wordpress.invajo.com\/nhm2022\/wp-content\/uploads\/sites\/5\/2022\/03\/korsbarsblomning-Jarntorget-Frida-Winter.jpg.webp\" alt=\"\" class=\"wp-image-227\" srcset=\"https:\/\/wordpress.invajo.com\/nhm2022\/wp-content\/uploads\/sites\/5\/2022\/03\/korsbarsblomning-Jarntorget-Frida-Winter.jpg.webp 650w, https:\/\/wordpress.invajo.com\/nhm2022\/wp-content\/uploads\/sites\/5\/2022\/03\/korsbarsblomning-Jarntorget-Frida-Winter.jpg-480x310.webp 480w\" sizes=\"(min-width: 0px) and (max-width: 480px) 480px, (min-width: 481px) 650px, 100vw\" \/><\/figure>\n\n\n\n<p>F\u00f6rutom historiska upplevelser finns givetvis \u00e4ven den moderna staden, med sitt utbud av aff\u00e4rer och restauranger och ett \u00f6verfl\u00f6d av kultur och andra aktiviteter inom bekv\u00e4mt g\u00e5ngavst\u00e5nd. Den som vill uppleva G\u00f6teborg p\u00e5 egen hand kan v\u00e4lja att \u00e5ka med n\u00e5gon av rundtursb\u00e5tarna eller turistbussarna, men det g\u00e5r minst lika bra att ta en tur med sp\u00e5rvagnen eller n\u00e5gon av f\u00e4rjorna p\u00e5 \u00e4lven f\u00f6r att f\u00e5 en god \u00f6verblick av staden. Samma biljett kan anv\u00e4ndas p\u00e5 sp\u00e5rvagnar, bussar och f\u00e4rjor.<\/p>\n\n\n\n<p>F\u00f6r information om den lokala kollektivtrafiken se\u00a0<a rel=\"noreferrer noopener\" href=\"https:\/\/www.vasttrafik.se\/\" target=\"_blank\">V\u00e4sttrafik<\/a>.\u00a0Tidtabeller, priser m.m. f\u00f6r flygbussarna fr\u00e5n Landvetter flygplats (ca 25 min in till centrum) finns\u00a0<a rel=\"noreferrer noopener\" href=\"https:\/\/www.flygbussarna.se\/landvetter\" target=\"_blank\">h\u00e4r<\/a>.<\/p>\n\n\n\n<p><\/p>\n","protected":false},"excerpt":{"rendered":"<p>G\u00f6teborg grundades 1621 och \u00e4r idag Sveriges n\u00e4st st\u00f6rsta t\u00e4tort med 600 000 inv\u00e5nare i sj\u00e4lva staden, och drygt en miljon inv\u00e5nare n\u00e4r kranskommunerna r\u00e4knas in (\u201dStorg\u00f6teborg\u201d). Bel\u00e4get vid G\u00f6ta \u00e4lvs mynning p\u00e5 den svenska v\u00e4stkusten \u00e4r G\u00f6teborgs hamn Skandinaviens st\u00f6rsta med ett \u00e5rligt infl\u00f6de av gods p\u00e5 n\u00e4stan 40 miljoner ton. G\u00f6teborg \u00e4r en [&hellip;]<\/p>\n","protected":false},"author":6,"featured_media":0,"parent":0,"menu_order":0,"comment_status":"closed","ping_status":"closed","template":"","meta":{"_et_pb_use_builder":"","_et_pb_old_content":"","_et_gb_content_width":"","footnotes":""},"class_list":["post-222","page","type-page","status-publish","hentry"],"_links":{"self":[{"href":"https:\/\/wordpress.invajo.com\/nhm2022\/wp-json\/wp\/v2\/pages\/222","targetHints":{"allow":["GET"]}}],"collection":[{"href":"https:\/\/wordpress.invajo.com\/nhm2022\/wp-json\/wp\/v2\/pages"}],"about":[{"href":"https:\/\/wordpress.invajo.com\/nhm2022\/wp-json\/wp\/v2\/types\/page"}],"author":[{"embeddable":true,"href":"https:\/\/wordpress.invajo.com\/nhm2022\/wp-json\/wp\/v2\/users\/6"}],"replies":[{"embeddable":true,"href":"https:\/\/wordpress.invajo.com\/nhm2022\/wp-json\/wp\/v2\/comments?post=222"}],"version-history":[{"count":12,"href":"https:\/\/wordpress.invajo.com\/nhm2022\/wp-json\/wp\/v2\/pages\/222\/revisions"}],"predecessor-version":[{"id":242,"href":"https:\/\/wordpress.invajo.com\/nhm2022\/wp-json\/wp\/v2\/pages\/222\/revisions\/242"}],"wp:attachment":[{"href":"https:\/\/wordpress.invajo.com\/nhm2022\/wp-json\/wp\/v2\/media?parent=222"}],"curies":[{"name":"wp","href":"https:\/\/api.w.org\/{rel}","templated":true}]}}