{"id":379,"date":"2022-03-10T08:00:00","date_gmt":"2022-03-10T08:00:00","guid":{"rendered":"https:\/\/www.nhm2022.se\/?page_id=379"},"modified":"2022-08-02T16:15:37","modified_gmt":"2022-08-02T16:15:37","slug":"lokaler","status":"publish","type":"page","link":"https:\/\/wordpress.invajo.com\/nhm2022\/lokaler\/","title":{"rendered":"Lokaler"},"content":{"rendered":"\n<figure class=\"wp-block-image size-full\"><img loading=\"lazy\" decoding=\"async\" width=\"1024\" height=\"768\" src=\"https:\/\/www.nhm2022.se\/wp-content\/uploads\/sites\/5\/2022\/07\/NHM2022-Venues.jpg\" alt=\"Map of NHM2022 Venues\" class=\"wp-image-862\" srcset=\"https:\/\/www.nhm2022.se\/wp-content\/uploads\/sites\/5\/2022\/07\/NHM2022-Venues.jpg 1024w, https:\/\/www.nhm2022.se\/wp-content\/uploads\/sites\/5\/2022\/07\/NHM2022-Venues-980x735.jpg 980w, https:\/\/www.nhm2022.se\/wp-content\/uploads\/sites\/5\/2022\/07\/NHM2022-Venues-480x360.jpg 480w\" sizes=\"(min-width: 0px) and (max-width: 480px) 480px, (min-width: 481px) and (max-width: 980px) 980px, (min-width: 981px) 1024px, 100vw\" \/><\/figure>\n\n\n\n<h4 class=\"wp-block-heading\">Huvudlokal (1 p\u00e5 kartan)<\/h4>\n\n\n\n<p><a href=\"https:\/\/www.gu.se\/humaniora\/om-oss\/vara-lokaler-pa-nya-humanisten\">Humanisten<\/a> | G\u00f6teborgs universitet <a href=\"https:\/\/www.gu.se\/humaniora\">Humanistiska fakulteten<\/a><br>Adress: Renstr\u00f6msgatan 6, 412 55 G\u00f6teborg<\/p>\n\n\n\n<p><\/p>\n\n\n\n<h4 class=\"wp-block-heading\">Lokal f\u00f6r plenarsessioner (2 p\u00e5 kartan)<\/h4>\n\n\n\n<p><a href=\"https:\/\/goteborg.se\/wps\/portal\/enhetssida\/burgardens-konferenscenter\">Burg\u00e5rdens Konferenscenter<\/a><br>Adress: Sk\u00e5negatan 20 entr\u00e9 A2, 412 51 G\u00f6teborg<\/p>\n\n\n\n<p><\/p>\n\n\n\n<h4 class=\"wp-block-heading\">Lokal f\u00f6r bankettmiddagen (3 p\u00e5 kartan)<\/h4>\n\n\n\n<p><a href=\"https:\/\/kajskjul8.se\">Kajskjul 8<\/a><br>Adress: Packhusplatsen 11, 411 13 G\u00f6teborg<\/p>\n\n\n\n<p><\/p>\n\n\n\n<p><\/p>\n\n\n\n<p><\/p>\n\n\n\n<h3 class=\"wp-block-heading\">V\u00e5ningsskisser Humanisten<\/h3>\n\n\n\n<p>Humanistens huvudentr\u00e9 ligger p\u00e5 v\u00e5ning 3 (\u00f6vre delen av v\u00e4nstra sidan p\u00e5 v\u00e5ningsskissen nedan).<\/p>\n\n\n\n<p><\/p>\n\n\n\n<figure class=\"wp-block-image size-large\"><img loading=\"lazy\" decoding=\"async\" width=\"1024\" height=\"923\" src=\"https:\/\/www.nhm2022.se\/wp-content\/uploads\/sites\/5\/2022\/08\/Humanisten-plan-3-1024x923.jpg\" alt=\"Humanisten plan 3\" class=\"wp-image-962\" srcset=\"https:\/\/www.nhm2022.se\/wp-content\/uploads\/sites\/5\/2022\/08\/Humanisten-plan-3-980x884.jpg 980w, https:\/\/www.nhm2022.se\/wp-content\/uploads\/sites\/5\/2022\/08\/Humanisten-plan-3-480x433.jpg 480w\" sizes=\"(min-width: 0px) and (max-width: 480px) 480px, (min-width: 481px) and (max-width: 980px) 980px, (min-width: 981px) 1024px, 100vw\" \/><\/figure>\n\n\n\n<p><\/p>\n\n\n\n<figure class=\"wp-block-image size-large\"><img loading=\"lazy\" decoding=\"async\" width=\"1024\" height=\"906\" src=\"https:\/\/www.nhm2022.se\/wp-content\/uploads\/sites\/5\/2022\/08\/Humanisten-plan-4-1024x906.jpg\" alt=\"Humanisten plan 4\" class=\"wp-image-963\" srcset=\"https:\/\/www.nhm2022.se\/wp-content\/uploads\/sites\/5\/2022\/08\/Humanisten-plan-4-980x867.jpg 980w, https:\/\/www.nhm2022.se\/wp-content\/uploads\/sites\/5\/2022\/08\/Humanisten-plan-4-480x425.jpg 480w\" sizes=\"(min-width: 0px) and (max-width: 480px) 480px, (min-width: 481px) and (max-width: 980px) 980px, (min-width: 981px) 1024px, 100vw\" \/><\/figure>\n","protected":false},"excerpt":{"rendered":"<p>Huvudlokal (1 p\u00e5 kartan) Humanisten | G\u00f6teborgs universitet Humanistiska fakultetenAdress: Renstr\u00f6msgatan 6, 412 55 G\u00f6teborg Lokal f\u00f6r plenarsessioner (2 p\u00e5 kartan) Burg\u00e5rdens KonferenscenterAdress: Sk\u00e5negatan 20 entr\u00e9 A2, 412 51 G\u00f6teborg Lokal f\u00f6r bankettmiddagen (3 p\u00e5 kartan) Kajskjul 8Adress: Packhusplatsen 11, 411 13 G\u00f6teborg V\u00e5ningsskisser Humanisten Humanistens huvudentr\u00e9 ligger p\u00e5 v\u00e5ning 3 (\u00f6vre delen av v\u00e4nstra [&hellip;]<\/p>\n","protected":false},"author":6,"featured_media":0,"parent":0,"menu_order":0,"comment_status":"closed","ping_status":"closed","template":"","meta":{"_et_pb_use_builder":"","_et_pb_old_content":"","_et_gb_content_width":"","footnotes":""},"class_list":["post-379","page","type-page","status-publish","hentry"],"_links":{"self":[{"href":"https:\/\/wordpress.invajo.com\/nhm2022\/wp-json\/wp\/v2\/pages\/379","targetHints":{"allow":["GET"]}}],"collection":[{"href":"https:\/\/wordpress.invajo.com\/nhm2022\/wp-json\/wp\/v2\/pages"}],"about":[{"href":"https:\/\/wordpress.invajo.com\/nhm2022\/wp-json\/wp\/v2\/types\/page"}],"author":[{"embeddable":true,"href":"https:\/\/wordpress.invajo.com\/nhm2022\/wp-json\/wp\/v2\/users\/6"}],"replies":[{"embeddable":true,"href":"https:\/\/wordpress.invajo.com\/nhm2022\/wp-json\/wp\/v2\/comments?post=379"}],"version-history":[{"count":11,"href":"https:\/\/wordpress.invajo.com\/nhm2022\/wp-json\/wp\/v2\/pages\/379\/revisions"}],"predecessor-version":[{"id":966,"href":"https:\/\/wordpress.invajo.com\/nhm2022\/wp-json\/wp\/v2\/pages\/379\/revisions\/966"}],"wp:attachment":[{"href":"https:\/\/wordpress.invajo.com\/nhm2022\/wp-json\/wp\/v2\/media?parent=379"}],"curies":[{"name":"wp","href":"https:\/\/api.w.org\/{rel}","templated":true}]}}