{"id":400,"date":"2022-03-14T20:58:14","date_gmt":"2022-03-14T20:58:14","guid":{"rendered":"https:\/\/www.nhm2022.se\/?page_id=400"},"modified":"2022-08-02T16:14:33","modified_gmt":"2022-08-02T16:14:33","slug":"conference-venues","status":"publish","type":"page","link":"https:\/\/wordpress.invajo.com\/nhm2022\/conference-venues\/","title":{"rendered":"Conference venues"},"content":{"rendered":"\n<figure class=\"wp-block-image size-full\"><img loading=\"lazy\" decoding=\"async\" width=\"1024\" height=\"768\" src=\"https:\/\/www.nhm2022.se\/wp-content\/uploads\/sites\/5\/2022\/07\/NHM2022-Venues.jpg\" alt=\"Map of NHM2022 Venues\" class=\"wp-image-862\" srcset=\"https:\/\/www.nhm2022.se\/wp-content\/uploads\/sites\/5\/2022\/07\/NHM2022-Venues.jpg 1024w, https:\/\/www.nhm2022.se\/wp-content\/uploads\/sites\/5\/2022\/07\/NHM2022-Venues-980x735.jpg 980w, https:\/\/www.nhm2022.se\/wp-content\/uploads\/sites\/5\/2022\/07\/NHM2022-Venues-480x360.jpg 480w\" sizes=\"(min-width: 0px) and (max-width: 480px) 480px, (min-width: 481px) and (max-width: 980px) 980px, (min-width: 981px) 1024px, 100vw\" \/><\/figure>\n\n\n\n<h4 class=\"wp-block-heading\">Main venue (no. 1 on the map)<\/h4>\n\n\n\n<p><a href=\"https:\/\/www.gu.se\/en\/humanities\/about-us\/our-facilities-humanisten\">Humanisten<\/a> | <a href=\"https:\/\/www.gu.se\/en\/humanities\">Faculty of Humanities<\/a>, University of Gothenburg<br>Address: Renstr\u00f6msgatan 6, 412 55 G\u00f6teborg<\/p>\n\n\n\n<p><\/p>\n\n\n\n<h4 class=\"wp-block-heading\">Venue for plenary sessions (no. 2 on the map)<\/h4>\n\n\n\n<p><a href=\"https:\/\/goteborg.se\/wps\/portal\/enhetssida\/burgardens-konferenscenter\/in-english\">Burg\u00e5rdens Konferenscenter<\/a> (Burg\u00e5rden Conference Centre)<br>Address: Sk\u00e5negatan 20 entr\u00e9 A2, 412 51 G\u00f6teborg<\/p>\n\n\n\n<p><\/p>\n\n\n\n<h4 class=\"wp-block-heading\">Venue for the congress dinner (no. 3 on the map)<\/h4>\n\n\n\n<p><a href=\"https:\/\/kajskjul8.se\/en\/event\/\">Kajskjul 8<\/a><br>Address: Packhusplatsen 11, 411 13 G\u00f6teborg<\/p>\n\n\n\n<p><\/p>\n\n\n\n<p><\/p>\n\n\n\n<h3 class=\"wp-block-heading\">Humanisten floor plans<\/h3>\n\n\n\n<p>The main entrance to Humanisten is on floor 3 (upper left side on the floor plan below).<\/p>\n\n\n\n<figure class=\"wp-block-image size-large\"><img loading=\"lazy\" decoding=\"async\" width=\"1024\" height=\"923\" src=\"https:\/\/www.nhm2022.se\/wp-content\/uploads\/sites\/5\/2022\/08\/Humanisten-plan-3-1024x923.jpg\" alt=\"Humanisten plan 3\" class=\"wp-image-962\" srcset=\"https:\/\/www.nhm2022.se\/wp-content\/uploads\/sites\/5\/2022\/08\/Humanisten-plan-3-980x884.jpg 980w, https:\/\/www.nhm2022.se\/wp-content\/uploads\/sites\/5\/2022\/08\/Humanisten-plan-3-480x433.jpg 480w\" sizes=\"(min-width: 0px) and (max-width: 480px) 480px, (min-width: 481px) and (max-width: 980px) 980px, (min-width: 981px) 1024px, 100vw\" \/><\/figure>\n\n\n\n<p><\/p>\n\n\n\n<figure class=\"wp-block-image size-large\"><img loading=\"lazy\" decoding=\"async\" width=\"1024\" height=\"906\" src=\"https:\/\/www.nhm2022.se\/wp-content\/uploads\/sites\/5\/2022\/08\/Humanisten-plan-4-1024x906.jpg\" alt=\"Humanisten plan 4\" class=\"wp-image-963\" srcset=\"https:\/\/www.nhm2022.se\/wp-content\/uploads\/sites\/5\/2022\/08\/Humanisten-plan-4-980x867.jpg 980w, https:\/\/www.nhm2022.se\/wp-content\/uploads\/sites\/5\/2022\/08\/Humanisten-plan-4-480x425.jpg 480w\" sizes=\"(min-width: 0px) and (max-width: 480px) 480px, (min-width: 481px) and (max-width: 980px) 980px, (min-width: 981px) 1024px, 100vw\" \/><\/figure>\n","protected":false},"excerpt":{"rendered":"<p>Main venue (no. 1 on the map) Humanisten | Faculty of Humanities, University of GothenburgAddress: Renstr\u00f6msgatan 6, 412 55 G\u00f6teborg Venue for plenary sessions (no. 2 on the map) Burg\u00e5rdens Konferenscenter (Burg\u00e5rden Conference Centre)Address: Sk\u00e5negatan 20 entr\u00e9 A2, 412 51 G\u00f6teborg Venue for the congress dinner (no. 3 on the map) Kajskjul 8Address: Packhusplatsen 11, [&hellip;]<\/p>\n","protected":false},"author":7,"featured_media":0,"parent":0,"menu_order":0,"comment_status":"closed","ping_status":"closed","template":"","meta":{"_et_pb_use_builder":"","_et_pb_old_content":"","_et_gb_content_width":"","footnotes":""},"class_list":["post-400","page","type-page","status-publish","hentry"],"_links":{"self":[{"href":"https:\/\/wordpress.invajo.com\/nhm2022\/wp-json\/wp\/v2\/pages\/400","targetHints":{"allow":["GET"]}}],"collection":[{"href":"https:\/\/wordpress.invajo.com\/nhm2022\/wp-json\/wp\/v2\/pages"}],"about":[{"href":"https:\/\/wordpress.invajo.com\/nhm2022\/wp-json\/wp\/v2\/types\/page"}],"author":[{"embeddable":true,"href":"https:\/\/wordpress.invajo.com\/nhm2022\/wp-json\/wp\/v2\/users\/7"}],"replies":[{"embeddable":true,"href":"https:\/\/wordpress.invajo.com\/nhm2022\/wp-json\/wp\/v2\/comments?post=400"}],"version-history":[{"count":14,"href":"https:\/\/wordpress.invajo.com\/nhm2022\/wp-json\/wp\/v2\/pages\/400\/revisions"}],"predecessor-version":[{"id":965,"href":"https:\/\/wordpress.invajo.com\/nhm2022\/wp-json\/wp\/v2\/pages\/400\/revisions\/965"}],"wp:attachment":[{"href":"https:\/\/wordpress.invajo.com\/nhm2022\/wp-json\/wp\/v2\/media?parent=400"}],"curies":[{"name":"wp","href":"https:\/\/api.w.org\/{rel}","templated":true}]}}