{"id":501,"date":"2022-04-25T19:50:23","date_gmt":"2022-04-25T19:50:23","guid":{"rendered":"https:\/\/www.nhm2022.se\/?page_id=501"},"modified":"2022-07-21T11:49:52","modified_gmt":"2022-07-21T11:49:52","slug":"sponsors-exhibitors","status":"publish","type":"page","link":"https:\/\/wordpress.invajo.com\/nhm2022\/sponsors-exhibitors\/","title":{"rendered":"Sponsors and exhibitors"},"content":{"rendered":"\n<p><em>Host institutions<\/em><br>The hosts and main organisers for the 30th Congress of Nordic Historians are the&nbsp;<a href=\"https:\/\/www.gu.se\/en\/historical-studies\">Department of Historical Studies<\/a>&nbsp;at the University of Gothenburg, the&nbsp;<a href=\"https:\/\/svenskahistoriskaforeningen.se\/index.php\/english\">Swedish Historical Association<\/a>&nbsp;and the Nordic Committee for Historians in collaboration with the&nbsp;<a href=\"https:\/\/goteborg.se\/\">City of Gothenburg<\/a>, the&nbsp;<a href=\"https:\/\/www.gu.se\/en\/school-business-economics-law\/economy-society\/about-us\/our-units\/unit-for-economic-history\">Unit of Economic History<\/a>&nbsp;and the&nbsp;<a href=\"https:\/\/www.gu.se\/en\/literature-history-of-ideas-religion\">Department of Literature, History of Ideas, and Religion<\/a>&nbsp;at the University of Gothenburg.<\/p>\n\n\n\n<figure class=\"wp-block-image size-large is-resized\"><img loading=\"lazy\" decoding=\"async\" src=\"https:\/\/www.nhm2022.se\/wp-content\/uploads\/sites\/5\/2022\/06\/NHM-vardar-1024x330.png\" alt=\"Svenska Historiska F\u00f6reningen, G\u00f6teborgs universitet och G\u00f6teborgs Stad\" class=\"wp-image-676\" width=\"768\" height=\"248\" \/><\/figure>\n\n\n\n<p><\/p>\n\n\n\n<p><em>Sponsors<\/em><\/p>\n\n\n\n<p>Department of Historical Studies, University of Gothenburg<\/p>\n\n\n\n<p>City of Gothenburg<\/p>\n\n\n\n<p>Magn. Bergvalls stiftelse<\/p>\n\n\n\n<p>Tore Browaldhs stiftelse<\/p>\n\n\n\n<p>Per Lindekrantz fond<\/p>\n\n\n\n<p>Jan Wallanders och Tom Hedelius stiftelse<\/p>\n\n\n\n<p><br><em>Exhibitors<\/em><\/p>\n\n\n\n<p><a rel=\"noreferrer noopener\" href=\"https:\/\/appellforlag.se\/\" target=\"_blank\">Appell F\u00f6rlag<\/a>&nbsp;&amp;&nbsp;<a href=\"https:\/\/www.sls.fi\/sv\">Svenska litteraturs\u00e4llskapet i Finland<\/a><\/p>\n\n\n\n<p><a href=\"https:\/\/www.cappelendamm.no\">Cappelen Damm<\/a><\/p>\n\n\n\n<p><a rel=\"noreferrer noopener\" href=\"https:\/\/www.fagbokforlaget.no\/\" target=\"_blank\">Fagbokforlaget<\/a><\/p>\n\n\n\n<p><em><a href=\"https:\/\/www.historisktidskrift.se\/\">Historisk tidskrift<\/a><\/em> &amp; <em><a href=\"https:\/\/journals.lub.lu.se\/scandia\/\">Scandia<\/a><\/em><\/p>\n\n\n\n<p><a href=\"https:\/\/historiskamedia.se\">Historiska Media<\/a><\/p>\n\n\n\n<p><a href=\"https:\/\/www.kriterium.se\">Kriterium<\/a><\/p>\n\n\n\n<p><a href=\"https:\/\/nordicacademicpress.se\">Nordic Academic Press<\/a><\/p>\n\n\n\n<p><a href=\"https:\/\/www.norden.org\/en\/nordic-council\">The Nordic Council<\/a><\/p>\n\n\n\n<p><a href=\"https:\/\/www.studentlitteratur.se\">Studentlitteratur<\/a><\/p>\n\n\n\n<p><\/p>\n","protected":false},"excerpt":{"rendered":"<p>Host institutionsThe hosts and main organisers for the 30th Congress of Nordic Historians are the&nbsp;Department of Historical Studies&nbsp;at the University of Gothenburg, the&nbsp;Swedish Historical Association&nbsp;and the Nordic Committee for Historians in collaboration with the&nbsp;City of Gothenburg, the&nbsp;Unit of Economic History&nbsp;and the&nbsp;Department of Literature, History of Ideas, and Religion&nbsp;at the University of Gothenburg. Sponsors Department of [&hellip;]<\/p>\n","protected":false},"author":7,"featured_media":0,"parent":0,"menu_order":0,"comment_status":"closed","ping_status":"closed","template":"","meta":{"_et_pb_use_builder":"","_et_pb_old_content":"","_et_gb_content_width":"","footnotes":""},"class_list":["post-501","page","type-page","status-publish","hentry"],"_links":{"self":[{"href":"https:\/\/wordpress.invajo.com\/nhm2022\/wp-json\/wp\/v2\/pages\/501","targetHints":{"allow":["GET"]}}],"collection":[{"href":"https:\/\/wordpress.invajo.com\/nhm2022\/wp-json\/wp\/v2\/pages"}],"about":[{"href":"https:\/\/wordpress.invajo.com\/nhm2022\/wp-json\/wp\/v2\/types\/page"}],"author":[{"embeddable":true,"href":"https:\/\/wordpress.invajo.com\/nhm2022\/wp-json\/wp\/v2\/users\/7"}],"replies":[{"embeddable":true,"href":"https:\/\/wordpress.invajo.com\/nhm2022\/wp-json\/wp\/v2\/comments?post=501"}],"version-history":[{"count":14,"href":"https:\/\/wordpress.invajo.com\/nhm2022\/wp-json\/wp\/v2\/pages\/501\/revisions"}],"predecessor-version":[{"id":906,"href":"https:\/\/wordpress.invajo.com\/nhm2022\/wp-json\/wp\/v2\/pages\/501\/revisions\/906"}],"wp:attachment":[{"href":"https:\/\/wordpress.invajo.com\/nhm2022\/wp-json\/wp\/v2\/media?parent=501"}],"curies":[{"name":"wp","href":"https:\/\/api.w.org\/{rel}","templated":true}]}}