{"id":56,"date":"2022-03-03T07:21:26","date_gmt":"2022-03-03T07:21:26","guid":{"rendered":"https:\/\/wordpress.invajo.com\/nhm2022\/?page_id=56"},"modified":"2022-08-09T16:30:01","modified_gmt":"2022-08-09T16:30:01","slug":"nordiska-historikermotet-2022","status":"publish","type":"page","link":"https:\/\/wordpress.invajo.com\/nhm2022\/","title":{"rendered":"V\u00e4lkommen till Nordiska historikerm\u00f6tet 2022!"},"content":{"rendered":"\n<p>\ud83c\uddec\ud83c\udde7 <strong><em>For English version click <a href=\"https:\/\/www.nhm2022.se\/english\/\" data-type=\"page\" data-id=\"180\">here<\/a> or see the menu at top right.<\/em><\/strong><\/p>\n\n\n\n<figure class=\"wp-block-image size-large\"><img loading=\"lazy\" decoding=\"async\" width=\"1024\" height=\"341\" src=\"https:\/\/www.nhm2022.se\/wp-content\/uploads\/sites\/5\/2022\/07\/151213B-1024x341.jpg\" alt=\"NHM2022\" class=\"wp-image-778\" srcset=\"https:\/\/www.nhm2022.se\/wp-content\/uploads\/sites\/5\/2022\/07\/151213B-1024x341.jpg 1024w, https:\/\/www.nhm2022.se\/wp-content\/uploads\/sites\/5\/2022\/07\/151213B-980x327.jpg 980w, https:\/\/www.nhm2022.se\/wp-content\/uploads\/sites\/5\/2022\/07\/151213B-480x160.jpg 480w\" sizes=\"(min-width: 0px) and (max-width: 480px) 480px, (min-width: 481px) and (max-width: 980px) 980px, (min-width: 981px) 1024px, 100vw\" \/><\/figure>\n\n\n\n<p><\/p>\n\n\n\n<p class=\"has-normal-font-size\"><span class=\"has-inline-color has-vivid-red-color\">\u2022 <strong>Vinnaren av Nordiska historiebokspriset 2022<\/strong><\/span> \u00e4r <strong><span class=\"has-inline-color has-vivid-red-color\">Tim van Gerven<\/span><\/strong> f\u00f6r hans bok <em><span class=\"has-inline-color has-vivid-red-color\">Scandinavism: Overlapping and Competing Identities in the Nordic World, 1770\u20131919<\/span><\/em> (Brill 2022). L\u00e4s mer <a href=\"https:\/\/www.nhm2022.se\/nordiska-historiebokspriset\/\" data-type=\"page\" data-id=\"22\">h\u00e4r<\/a>.<\/p>\n\n\n\n<p class=\"has-normal-font-size\"><strong><span class=\"has-inline-color has-vivid-red-color\">\u2022 Anm\u00e4lan p\u00e5 webben har st\u00e4ngt men det g\u00e5r att anm\u00e4la sig p\u00e5 plats i G\u00f6teborg \u2013 klicka <span style=\"text-decoration: underline\"><a href=\"https:\/\/www.nhm2022.se\/anmalan\/\" data-type=\"page\" data-id=\"17\">h\u00e4r<\/a><\/span> f\u00f6r mer information.<\/span><\/strong><\/p>\n\n\n\n<p class=\"has-normal-font-size\"><strong><span class=\"has-inline-color has-vivid-red-color\">\u2022 L\u00e4nkar till det fullst\u00e4ndiga konferensprogrammet och en abstractbok finns p\u00e5 <a href=\"https:\/\/www.nhm2022.se\/program\/\" data-type=\"page\" data-id=\"20\">programsidan<\/a>.<\/span><\/strong><\/p>\n\n\n\n<p class=\"has-normal-font-size\"><strong><span class=\"has-inline-color has-vivid-red-color\">\u2022 Viktig program\u00e4ndring (220711):<\/span><\/strong> P\u00e5 grund av flygst\u00f6rningar har Maya Jasanoffs och Poul Holms plenarf\u00f6rel\u00e4sningar bytt plats med varandra. Holms f\u00f6rel\u00e4sning kommer d\u00e4rmed att \u00e4ga rum p\u00e5 f\u00f6rmiddagen den 8 augusti och Jasanoffs p\u00e5 eftermiddagen den 9 augusti. Exakta tider m.m. framg\u00e5r av de olika programversioner som n\u00e5s via <a href=\"https:\/\/www.nhm2022.se\/program\/\" data-type=\"page\" data-id=\"20\">programsidan<\/a>.<\/p>\n\n\n\n<p class=\"has-normal-font-size\"><\/p>\n\n\n\n<hr class=\"wp-block-separator\" \/>\n\n\n\n<p><\/p>\n\n\n\n<p>Den 8-11 augusti 2022 genomf\u00f6rs det 30:e Nordiska historikerm\u00f6tet vid <a href=\"https:\/\/www.gu.se\/\">G\u00f6teborgs universitet<\/a>. De nordiska historikerm\u00f6tena har h\u00e5llits sedan 1905, d\u00e5 det f\u00f6rsta avh\u00f6lls i Lund, och cirkulerar sedan dess mellan olika l\u00e4ros\u00e4ten i de nordiska l\u00e4nderna. I G\u00f6teborg har m\u00f6tet tidigare h\u00e5llits 1923 och 1951.<\/p>\n\n\n\n<p>Huvudarrang\u00f6r \u00e4r <a href=\"https:\/\/www.gu.se\/historiska-studier\">Institutionen f\u00f6r historiska studier<\/a> vid G\u00f6teborgs universitet, <a href=\"https:\/\/svenskahistoriskaforeningen.se\">Svenska historiska f\u00f6reningen<\/a> och Nordiska historikerkommitt\u00e9n i samarbete med <a href=\"https:\/\/goteborg.se\/\">G\u00f6teborgs Stad<\/a> samt <a href=\"https:\/\/www.gu.se\/handelshogskolan\/ekonomi-samhalle\/om-oss\/vara-avdelningar\/avdelningen-for-ekonomisk-historia\">Avdelningen f\u00f6r ekonomisk historia<\/a> och <a href=\"https:\/\/www.gu.se\/litteratur-idehistoria-religion\">Institutionen f\u00f6r litteratur, id\u00e9historia och religion<\/a> vid G\u00f6teborgs universitet.<\/p>\n\n\n\n<p>Huvudtemat f\u00f6r 2022 \u00e5rs konferens \u00e4r &#8221;Globalt och lokalt&#8221; och <a href=\"https:\/\/www.nhm2022.se\/keynote-speakers\/\" data-type=\"page\" data-id=\"299\">huvudtalare<\/a> \u00e4r professor <strong>Maya Jasanoff<\/strong>, Harvard University (USA) och professor <strong>Poul Holm<\/strong>, Trinity College Dublin (Irland). Genom valet av tema vill vi betona de f\u00f6rbindelser som funnits och finns mellan det globala och lokala och hur dessa p\u00e5verkat och p\u00e5verkar varandra, n\u00e5got som inte minst varit ett tydligt inslag i arrang\u00f6rsstaden G\u00f6teborgs historia. Perspektiv d\u00e4r det globala och lokala knyts samman \u00e4r b\u00e5de historiografiskt och politiskt angel\u00e4gna.<br>\u200b<br>Vi vill inbjuda till fyra dagars vetenskapligt utbyte d\u00e4r s\u00e5v\u00e4l empiriska resultat som teoretiska och metodologiska fr\u00e5gor med anknytning till det valda temat presenteras och diskuteras. Vid sidan av huvudtemat kommer konferensen ocks\u00e5 att ge betydande utrymme f\u00f6r presentationer av annan forskning producerad av nordiska historiker eller utomnordiska historiker som forskar kring nordisk historia. Konferensen \u00e4r organiserad i s\u00e5v\u00e4l plenarf\u00f6rel\u00e4sningar som rundabordssamtal, tematiska sessioner och enskilda presentationer.<\/p>\n\n\n\n<p><a href=\"https:\/\/wordpress.invajo.com\/nhm2022\/wp-content\/uploads\/sites\/5\/2022\/03\/CFP-NHM2022-Svenska.pdf\">Call for papers<\/a> st\u00e4ngde den 1 februari 2022 och det fullst\u00e4ndiga programmet finns <a href=\"https:\/\/www.nhm2022.se\/program\/\">h\u00e4r<\/a>. Uppdaterad information om programmet och praktiska upplysningar publiceras l\u00f6pande p\u00e5 denna sida.<\/p>\n\n\n\n<p>V\u00e4l m\u00f6tt i G\u00f6teborg i augusti!<\/p>\n\n\n\n<p>Organisationskommitt\u00e9n f\u00f6r NHM2022<\/p>\n\n\n\n<p><\/p>\n\n\n\n<figure class=\"wp-block-image size-large is-resized\"><img loading=\"lazy\" decoding=\"async\" src=\"https:\/\/www.nhm2022.se\/wp-content\/uploads\/sites\/5\/2022\/06\/NHM-vardar-1024x330.png\" alt=\"Svenska Historiska F\u00f6reningen, G\u00f6teborgs universitet och G\u00f6teborgs Stad\" class=\"wp-image-676\" width=\"768\" height=\"248\" \/><\/figure>\n\n\n\n<p><\/p>\n","protected":false},"excerpt":{"rendered":"<p>\ud83c\uddec\ud83c\udde7 For English version click here or see the menu at top right. \u2022 Vinnaren av Nordiska historiebokspriset 2022 \u00e4r Tim van Gerven f\u00f6r hans bok Scandinavism: Overlapping and Competing Identities in the Nordic World, 1770\u20131919 (Brill 2022). L\u00e4s mer h\u00e4r. \u2022 Anm\u00e4lan p\u00e5 webben har st\u00e4ngt men det g\u00e5r att anm\u00e4la sig p\u00e5 plats [&hellip;]<\/p>\n","protected":false},"author":6,"featured_media":0,"parent":0,"menu_order":0,"comment_status":"closed","ping_status":"closed","template":"","meta":{"_et_pb_use_builder":"off","_et_pb_old_content":"<!-- wp:paragraph -->\n<p>Den 8-11 augusti 2022 genomf\u00f6rs det 30:e Nordiska historikerm\u00f6tet vid G\u00f6teborgs universitet. De nordiska historikerm\u00f6tena har h\u00e5llits sedan 1905, d\u00e5 det f\u00f6rsta avh\u00f6lls i Lund, och cirkulerar sedan dess mellan olika l\u00e4ros\u00e4ten i de nordiska l\u00e4nderna. I G\u00f6teborg har m\u00f6tet tidigare h\u00e5llits 1923 och 1951.<\/p>\n<!-- \/wp:paragraph -->\n\n<!-- wp:paragraph -->\n<p>Huvudarrang\u00f6r \u00e4r <a href=\"https:\/\/www.gu.se\/historiska-studier\">Institutionen f\u00f6r historiska studier vid G\u00f6teborgs universitet<\/a>, <a href=\"https:\/\/svenskahistoriskaforeningen.se\">Svenska historiska f\u00f6reningen<\/a> och Nordiska historikerkommitt\u00e9n i samarbete med <a href=\"https:\/\/www.gu.se\/handelshogskolan\/ekonomi-samhalle\/om-oss\/vara-avdelningar\/avdelningen-for-ekonomisk-historia\">Avdelningen f\u00f6r ekonomisk historia<\/a> och <a href=\"https:\/\/www.gu.se\/litteratur-idehistoria-religion\">Institutionen f\u00f6r litteratur, id\u00e9historia och religion<\/a> vid <a href=\"https:\/\/www.gu.se\">G\u00f6teborgs universitet<\/a>.<\/p>\n<!-- \/wp:paragraph -->\n\n<!-- wp:paragraph -->\n<p>Huvudtemat f\u00f6r 2022 \u00e5rs konferens \u00e4r \"Globalt och lokalt\". Genom valet av tema vill vi betona de f\u00f6rbindelser som funnits och finns mellan det globala och lokala och hur dessa p\u00e5verkat och p\u00e5verkar varandra, n\u00e5got som inte minst varit ett tydligt inslag i arrang\u00f6rsstaden G\u00f6teborgs historia. Perspektiv d\u00e4r det globala och lokala knyts samman \u00e4r b\u00e5de historiografiskt och politiskt angel\u00e4gna.<br>\u200b<br>Vi vill inbjuda till fyra dagars vetenskapligt utbyte d\u00e4r s\u00e5v\u00e4l empiriska resultat som teoretiska och metodologiska fr\u00e5gor med anknytning till det valda temat presenteras och diskuteras. Vid sidan av huvudtemat kommer konferensen ocks\u00e5 att ge betydande utrymme f\u00f6r presentationer av annan forskning producerad av nordiska historiker eller utomnordiska historiker som forskar kring nordisk historia. Konferensen \u00e4r organiserad i s\u00e5v\u00e4l plenarf\u00f6rel\u00e4sningar som rundabordssamtal, tematiska sessioner och enskilda presentationer.<\/p>\n<!-- \/wp:paragraph -->\n\n<!-- wp:file {\"id\":148,\"href\":\"https:\/\/wordpress.invajo.com\/nhm2022\/wp-content\/uploads\/sites\/5\/2022\/03\/CFP-NHM2022-Svenska.pdf\",\"displayPreview\":true} -->\n<div class=\"wp-block-file\"><object class=\"wp-block-file__embed\" data=\"https:\/\/wordpress.invajo.com\/nhm2022\/wp-content\/uploads\/sites\/5\/2022\/03\/CFP-NHM2022-Svenska.pdf\" type=\"application\/pdf\" style=\"width:100%;height:600px\" aria-label=\"Inb\u00e4ddning av Call for papers NHM2022.\"><\/object><a href=\"https:\/\/wordpress.invajo.com\/nhm2022\/wp-content\/uploads\/sites\/5\/2022\/03\/CFP-NHM2022-Svenska.pdf\">Call for papers NHM2022<\/a><a href=\"https:\/\/wordpress.invajo.com\/nhm2022\/wp-content\/uploads\/sites\/5\/2022\/03\/CFP-NHM2022-Svenska.pdf\" class=\"wp-block-file__button\" download>Ladda ner<\/a><\/div>\n<!-- \/wp:file -->\n\n<!-- wp:paragraph -->\n<p>Call for papers (<code>pdf<\/code>) st\u00e4ngde den 1 februari 2022 och nu p\u00e5g\u00e5r arbetet med att ta fram ett fullst\u00e4ndigt sessionsprogram. Konferensanm\u00e4lan ber\u00e4knas \u00f6ppna senast den 15 mars och sista dag f\u00f6r tidig anm\u00e4lan \u00e4r den 28 april. N\u00e4rmare information om programmet, anm\u00e4lan och praktiska upplysningar publiceras l\u00f6pande p\u00e5 denna sida.<\/p>\n<!-- \/wp:paragraph -->\n\n<!-- wp:paragraph -->\n<p>V\u00e4l m\u00f6tt i G\u00f6teborg i augusti!<\/p>\n<!-- \/wp:paragraph -->\n\n<!-- wp:paragraph -->\n<p>Organisationskommitt\u00e9n f\u00f6r NHM2022<\/p>\n<!-- \/wp:paragraph -->","_et_gb_content_width":"","footnotes":""},"class_list":["post-56","page","type-page","status-publish","hentry"],"_links":{"self":[{"href":"https:\/\/wordpress.invajo.com\/nhm2022\/wp-json\/wp\/v2\/pages\/56","targetHints":{"allow":["GET"]}}],"collection":[{"href":"https:\/\/wordpress.invajo.com\/nhm2022\/wp-json\/wp\/v2\/pages"}],"about":[{"href":"https:\/\/wordpress.invajo.com\/nhm2022\/wp-json\/wp\/v2\/types\/page"}],"author":[{"embeddable":true,"href":"https:\/\/wordpress.invajo.com\/nhm2022\/wp-json\/wp\/v2\/users\/6"}],"replies":[{"embeddable":true,"href":"https:\/\/wordpress.invajo.com\/nhm2022\/wp-json\/wp\/v2\/comments?post=56"}],"version-history":[{"count":51,"href":"https:\/\/wordpress.invajo.com\/nhm2022\/wp-json\/wp\/v2\/pages\/56\/revisions"}],"predecessor-version":[{"id":1032,"href":"https:\/\/wordpress.invajo.com\/nhm2022\/wp-json\/wp\/v2\/pages\/56\/revisions\/1032"}],"wp:attachment":[{"href":"https:\/\/wordpress.invajo.com\/nhm2022\/wp-json\/wp\/v2\/media?parent=56"}],"curies":[{"name":"wp","href":"https:\/\/api.w.org\/{rel}","templated":true}]}}