{"id":617,"date":"2022-05-27T10:37:49","date_gmt":"2022-05-27T10:37:49","guid":{"rendered":"https:\/\/www.nhm2022.se\/?page_id=617"},"modified":"2022-05-27T10:55:39","modified_gmt":"2022-05-27T10:55:39","slug":"praktiska-upplysningar","status":"publish","type":"page","link":"https:\/\/wordpress.invajo.com\/nhm2022\/praktiska-upplysningar\/","title":{"rendered":"Praktiska upplysningar"},"content":{"rendered":"\n<p>F\u00f6r information om tr\u00e5dl\u00f6st n\u00e4tverk, teknisk utrustning i konferenslokalerna m.m. se sidan <a href=\"https:\/\/www.nhm2022.se\/teknik\/\">Teknik<\/a>.<\/p>\n\n\n\n<p><\/p>\n\n\n\n<h3 class=\"wp-block-heading\">Hitta hit<\/h3>\n\n\n\n<p>Invigning, plenarf\u00f6rel\u00e4sningar och det avslutande rundabordssamtalet \u00e4ger rum i Burg\u00e5rdens konferenscenter, Sk\u00e5negatan 20. \u00d6vriga delar av det vetenskapliga programmet genomf\u00f6rs i Humanisten, Renstr\u00f6msgatan 6. Se sidan <a href=\"https:\/\/www.nhm2022.se\/lokaler\/\">Lokaler<\/a> f\u00f6r n\u00e4rmare upplysningar.<\/p>\n\n\n\n<p>F\u00f6r information om den lokala kollektivtrafiken se <a href=\"https:\/\/www.vasttrafik.se\/\">V\u00e4sttrafik<\/a>. Tidtabeller, priser m.m. f\u00f6r flygbussarna fr\u00e5n Landvetter flygplats (ca 25 min in till centrum) finns <a href=\"https:\/\/www.flygbussarna.se\/landvetter\">h\u00e4r<\/a>.<\/p>\n\n\n\n<p><\/p>\n\n\n\n<h3 class=\"wp-block-heading\">Sessionstyper<\/h3>\n\n\n\n<p>Ut\u00f6ver de tv\u00e5 plenarf\u00f6rel\u00e4sningarna och det avslutande rundabordssamtalet best\u00e5r det vetenskapliga programmet vid Nordiska historikerm\u00f6tet av 136 sessioner som genomf\u00f6rs i 14\u201316 parallella sp\u00e5r under de tre konferensdagarna. Det finns tre sessionstyper: tematiska sessioner (TS), rundabordssamtal (RD) och individuella papers (IP). De tv\u00e5 f\u00f6rstn\u00e4mnda bygger p\u00e5 de sessionsf\u00f6rslag som l\u00e4mnats in till och accepterats av organisationskommitt\u00e9n. De f\u00f6rslag till individuella presentationer som accepterats har kommitt\u00e9n organiserat i l\u00f6sligt tematiska papersessioner.<\/p>\n\n\n\n<p>F\u00f6r TS- och RD-sessioner ansvarar f\u00f6rslagsst\u00e4llarna f\u00f6r att det finns en ordf\u00f6rande eller moderator som leder sessionen. F\u00f6r IP-sessioner utser organisationskommitt\u00e9n en ordf\u00f6rande som hj\u00e4lper deltagarna att h\u00e5lla tiden och att vid behov f\u00f6rdela ordet i samband med fr\u00e5gestunder och diskussion.<\/p>\n\n\n\n<p><\/p>\n\n\n\n<h3 class=\"wp-block-heading\">Tidsramar<\/h3>\n\n\n\n<p>Konferensprogrammet inneh\u00e5ller sessionsblock av olika l\u00e4ngd f\u00f6r att tillgodose olika behov: 60, 90, 105 resp. 120 minuter. Vid programl\u00e4ggningen har rundabordssamtal tilldelats 90 minuter om arrang\u00f6rerna inte har beg\u00e4rt n\u00e5got annat. F\u00f6r \u00f6vriga sessioner har grundprincipen varit att varje paper eller presentation ber\u00e4knas till mellan 20 och 25 minuter inklusive fr\u00e5gor. (I n\u00e5gra fall har det p\u00e5 grund av praktiska sk\u00e4l, sena avhopp etc. blivit n\u00e5got mer \u00e4n s\u00e5.) F\u00f6r tematiska sessioner kan arrang\u00f6rerna v\u00e4lja att disponera den tid de tilldelats p\u00e5 n\u00e5got annat s\u00e4tt om de anser det l\u00e4mpligt, men i IP-sessioner till\u00e4mpas s\u00e5 l\u00e5ngt m\u00f6jligt en j\u00e4mn f\u00f6rdelning av tiden mellan de papers som presenteras.<\/p>\n\n\n\n<p><\/p>\n","protected":false},"excerpt":{"rendered":"<p>F\u00f6r information om tr\u00e5dl\u00f6st n\u00e4tverk, teknisk utrustning i konferenslokalerna m.m. se sidan Teknik. Hitta hit Invigning, plenarf\u00f6rel\u00e4sningar och det avslutande rundabordssamtalet \u00e4ger rum i Burg\u00e5rdens konferenscenter, Sk\u00e5negatan 20. \u00d6vriga delar av det vetenskapliga programmet genomf\u00f6rs i Humanisten, Renstr\u00f6msgatan 6. Se sidan Lokaler f\u00f6r n\u00e4rmare upplysningar. F\u00f6r information om den lokala kollektivtrafiken se V\u00e4sttrafik. Tidtabeller, priser [&hellip;]<\/p>\n","protected":false},"author":6,"featured_media":0,"parent":0,"menu_order":0,"comment_status":"closed","ping_status":"closed","template":"","meta":{"_et_pb_use_builder":"off","_et_pb_old_content":"","_et_gb_content_width":"","footnotes":""},"class_list":["post-617","page","type-page","status-publish","hentry"],"_links":{"self":[{"href":"https:\/\/wordpress.invajo.com\/nhm2022\/wp-json\/wp\/v2\/pages\/617","targetHints":{"allow":["GET"]}}],"collection":[{"href":"https:\/\/wordpress.invajo.com\/nhm2022\/wp-json\/wp\/v2\/pages"}],"about":[{"href":"https:\/\/wordpress.invajo.com\/nhm2022\/wp-json\/wp\/v2\/types\/page"}],"author":[{"embeddable":true,"href":"https:\/\/wordpress.invajo.com\/nhm2022\/wp-json\/wp\/v2\/users\/6"}],"replies":[{"embeddable":true,"href":"https:\/\/wordpress.invajo.com\/nhm2022\/wp-json\/wp\/v2\/comments?post=617"}],"version-history":[{"count":3,"href":"https:\/\/wordpress.invajo.com\/nhm2022\/wp-json\/wp\/v2\/pages\/617\/revisions"}],"predecessor-version":[{"id":634,"href":"https:\/\/wordpress.invajo.com\/nhm2022\/wp-json\/wp\/v2\/pages\/617\/revisions\/634"}],"wp:attachment":[{"href":"https:\/\/wordpress.invajo.com\/nhm2022\/wp-json\/wp\/v2\/media?parent=617"}],"curies":[{"name":"wp","href":"https:\/\/api.w.org\/{rel}","templated":true}]}}