{"id":619,"date":"2022-05-27T10:38:56","date_gmt":"2022-05-27T10:38:56","guid":{"rendered":"https:\/\/www.nhm2022.se\/?page_id=619"},"modified":"2022-05-27T10:56:58","modified_gmt":"2022-05-27T10:56:58","slug":"teknik","status":"publish","type":"page","link":"https:\/\/wordpress.invajo.com\/nhm2022\/teknik\/","title":{"rendered":"Teknik"},"content":{"rendered":"\n<h3 class=\"wp-block-heading\">Tr\u00e5dl\u00f6st n\u00e4tverk<\/h3>\n\n\n\n<p>Hela Humanisten, d\u00e4r alla parallellsessioner \u00e4ger rum, t\u00e4cks av ett tr\u00e5dl\u00f6st n\u00e4tverk som \u00e4r anslutet till <a href=\"https:\/\/eduroam.org\/\">eduroam<\/a>. Om du arbetar vid ett l\u00e4ros\u00e4te eller annan organisation med eduroam b\u00f6r du koppla upp dig p\u00e5 detta n\u00e4t med dina vanliga anv\u00e4ndaruppgifter fr\u00e5n hemmainstitutionen. Det kommer ocks\u00e5 att finnas ett g\u00e4stn\u00e4tverk tillg\u00e4ngligt f\u00f6r historikerm\u00f6tets deltagare under konferensdagarna; n\u00e4rmare information om det ges i samband med registreringen.<\/p>\n\n\n\n<p><\/p>\n\n\n\n<h3 class=\"wp-block-heading\">Tekniken i sessionssalarna<\/h3>\n\n\n\n<p>Samtliga sessionssalar \u00e4r utrustade med projektor eller bildsk\u00e4rm som m\u00f6jligg\u00f6r visning av bildspel (Powerpoint, Keynote eller motsvarande). Bildsk\u00e4rmskabeln i salarna \u00e4r av typen HDMI, men det finns ocks\u00e5 adaptrar till de flesta vanliga typer av anslutningar s\u00e5som USB-C, DisplayPort och Mini DisplayPort. Instruktioner f\u00f6r uppkoppling finns i salen och om det uppst\u00e5r problem g\u00e5r det att f\u00e5 hj\u00e4lp av volont\u00e4rer och AV-tekniker.<\/p>\n\n\n\n<p>Det finns tr\u00e5dl\u00f6st n\u00e4tverk i salarna men inget tr\u00e5dbundet n\u00e4tverk och inga datorer. Ansvariga f\u00f6r rundabordssamtal och tematiska sessioner b\u00f6r d\u00e4rf\u00f6r, om det beh\u00f6vs, se till att de sj\u00e4lva eller n\u00e5gon annan i sessionen har en b\u00e4rbar dator med sig som kan anv\u00e4ndas f\u00f6r att visa bildspel. F\u00f6r IP-sessioner kommer ordf\u00f6randen tillse att det finns en dator i salen f\u00f6r de deltagare som inte vill anv\u00e4nda sin egen.<\/p>\n\n\n\n<p>Deltagare som t\u00e4nker spela upp film eller ljud och tror sig beh\u00f6va externa h\u00f6gtalare b\u00f6r meddela organisationskommitt\u00e9n p\u00e5 <a href=\"mailto:nhm2022@gu.se\">nhm2022@gu.se<\/a> s\u00e5 snart som m\u00f6jligt. Detsamma g\u00e4ller de ansvariga f\u00f6r sessioner d\u00e4r ingen av deltagarna kan tillhandah\u00e5lla en dator och det d\u00e4rf\u00f6r beh\u00f6vs en l\u00e5nedator.<\/p>\n\n\n\n<p><\/p>\n\n\n\n<h3 class=\"wp-block-heading\">Deltagande p\u00e5 distans<\/h3>\n\n\n\n<p>Nordiska historikerm\u00f6tet har planerats som en fysisk konferens och vi har inga m\u00f6jligheter att ge tekniskt st\u00f6d f\u00f6r deltagande via videol\u00e4nk (t.ex. Zoom eller Teams) i ett stort antal parallella sessioner samtidigt. Det \u00e4r d\u00e4rf\u00f6r tyv\u00e4rr inte m\u00f6jligt att delta i historikerm\u00f6tet p\u00e5 distans, vare sig som medverkande eller \u00e5h\u00f6rare.<\/p>\n\n\n\n<p><\/p>\n","protected":false},"excerpt":{"rendered":"<p>Tr\u00e5dl\u00f6st n\u00e4tverk Hela Humanisten, d\u00e4r alla parallellsessioner \u00e4ger rum, t\u00e4cks av ett tr\u00e5dl\u00f6st n\u00e4tverk som \u00e4r anslutet till eduroam. Om du arbetar vid ett l\u00e4ros\u00e4te eller annan organisation med eduroam b\u00f6r du koppla upp dig p\u00e5 detta n\u00e4t med dina vanliga anv\u00e4ndaruppgifter fr\u00e5n hemmainstitutionen. Det kommer ocks\u00e5 att finnas ett g\u00e4stn\u00e4tverk tillg\u00e4ngligt f\u00f6r historikerm\u00f6tets deltagare [&hellip;]<\/p>\n","protected":false},"author":6,"featured_media":0,"parent":0,"menu_order":0,"comment_status":"closed","ping_status":"closed","template":"","meta":{"_et_pb_use_builder":"off","_et_pb_old_content":"","_et_gb_content_width":"","footnotes":""},"class_list":["post-619","page","type-page","status-publish","hentry"],"_links":{"self":[{"href":"https:\/\/wordpress.invajo.com\/nhm2022\/wp-json\/wp\/v2\/pages\/619","targetHints":{"allow":["GET"]}}],"collection":[{"href":"https:\/\/wordpress.invajo.com\/nhm2022\/wp-json\/wp\/v2\/pages"}],"about":[{"href":"https:\/\/wordpress.invajo.com\/nhm2022\/wp-json\/wp\/v2\/types\/page"}],"author":[{"embeddable":true,"href":"https:\/\/wordpress.invajo.com\/nhm2022\/wp-json\/wp\/v2\/users\/6"}],"replies":[{"embeddable":true,"href":"https:\/\/wordpress.invajo.com\/nhm2022\/wp-json\/wp\/v2\/comments?post=619"}],"version-history":[{"count":2,"href":"https:\/\/wordpress.invajo.com\/nhm2022\/wp-json\/wp\/v2\/pages\/619\/revisions"}],"predecessor-version":[{"id":635,"href":"https:\/\/wordpress.invajo.com\/nhm2022\/wp-json\/wp\/v2\/pages\/619\/revisions\/635"}],"wp:attachment":[{"href":"https:\/\/wordpress.invajo.com\/nhm2022\/wp-json\/wp\/v2\/media?parent=619"}],"curies":[{"name":"wp","href":"https:\/\/api.w.org\/{rel}","templated":true}]}}